{"id":99,"date":"2017-10-24T20:08:44","date_gmt":"2017-10-24T19:08:44","guid":{"rendered":"http:\/\/ncis.tn\/?page_id=99"},"modified":"2017-10-30T08:52:26","modified_gmt":"2017-10-30T07:52:26","slug":"solution-wifi","status":"publish","type":"page","link":"https:\/\/ncis.tn\/index.php\/solution-wifi\/","title":{"rendered":"Solution WIFI"},"content":{"rendered":"<p>NCIS est partenaire avec le g\u00e9ant am\u00e9ricain du sans-fil UBIQUITI ( plusieurs millions de livraisons par an sur +180 pays) . Avec ces produits Unifi , il a r\u00e9volutionn\u00e9 l&rsquo;industrie du WIFI en proposant des produits tr\u00e8s puissants, les meilleurs dans leur cat\u00e9gories, discrets et \u00e9l\u00e9gants. Le contr\u00f4leur qui est fournis gratuitement offre \u00e0 l\u2019administrateur des statistiques d&rsquo;utilisation et le contr\u00f4le total de son r\u00e9seau.<\/p>\n<div style=\"width: 525px;\" class=\"wp-video\"><video class=\"wp-video-shortcode\" id=\"video-99-1\" width=\"525\" height=\"279\" preload=\"metadata\" controls=\"controls\"><source type=\"video\/mp4\" src=\"http:\/\/ncis.tn\/wp-content\/uploads\/2017\/10\/Unifi.mp4?_=1\" \/><a href=\"http:\/\/ncis.tn\/wp-content\/uploads\/2017\/10\/Unifi.mp4\">http:\/\/ncis.tn\/wp-content\/uploads\/2017\/10\/Unifi.mp4<\/a><\/video><\/div>\n<p>Nous proposons les produits : <a href=\"https:\/\/unifi-hd.ubnt.com\/\">UNFI AC HD<\/a> &#8211;<a href=\"https:\/\/www.ubnt.com\/unifi\/unifi-ap-ac-lite\/\"> UNIFI AC LITE<\/a> &#8211; <a href=\"https:\/\/inwall.ubnt.com\/\">UNIFI AC InWall<\/a><\/p>\n","protected":false},"excerpt":{"rendered":"<p>NCIS est partenaire avec le g\u00e9ant am\u00e9ricain du sans-fil UBIQUITI ( plusieurs millions de livraisons par an sur +180 pays) . Avec ces produits Unifi , il a r\u00e9volutionn\u00e9 l&rsquo;industrie du WIFI en proposant des produits tr\u00e8s puissants, les meilleurs dans leur cat\u00e9gories, discrets et \u00e9l\u00e9gants. Le contr\u00f4leur qui est fournis gratuitement offre \u00e0 l\u2019administrateur &hellip; <\/p>\n<p class=\"link-more\"><a href=\"https:\/\/ncis.tn\/index.php\/solution-wifi\/\" class=\"more-link\">Continuer la lecture<span class=\"screen-reader-text\"> de &laquo;&nbsp;Solution WIFI&nbsp;&raquo;<\/span><\/a><\/p>\n","protected":false},"author":1,"featured_media":121,"parent":0,"menu_order":0,"comment_status":"closed","ping_status":"closed","template":"","meta":{"om_disable_all_campaigns":false,"_monsterinsights_skip_tracking":false,"_monsterinsights_sitenote_active":false,"_monsterinsights_sitenote_note":"","_monsterinsights_sitenote_category":0,"_uf_show_specific_survey":0,"_uf_disable_surveys":false,"footnotes":""},"class_list":["post-99","page","type-page","status-publish","has-post-thumbnail","hentry"],"yoast_head":"<!-- This site is optimized with the Yoast SEO plugin v22.4 - https:\/\/yoast.com\/wordpress\/plugins\/seo\/ -->\n<title>Solution WIFI - NCIS<\/title>\n<meta name=\"robots\" content=\"index, follow, max-snippet:-1, max-image-preview:large, max-video-preview:-1\" \/>\n<link rel=\"canonical\" href=\"https:\/\/ncis.tn\/index.php\/solution-wifi\/\" \/>\n<meta property=\"og:locale\" content=\"fr_FR\" \/>\n<meta property=\"og:type\" content=\"article\" \/>\n<meta property=\"og:title\" content=\"Solution WIFI - NCIS\" \/>\n<meta property=\"og:description\" content=\"NCIS est partenaire avec le g\u00e9ant am\u00e9ricain du sans-fil UBIQUITI ( plusieurs millions de livraisons par an sur +180 pays) . Avec ces produits Unifi , il a r\u00e9volutionn\u00e9 l&rsquo;industrie du WIFI en proposant des produits tr\u00e8s puissants, les meilleurs dans leur cat\u00e9gories, discrets et \u00e9l\u00e9gants. Le contr\u00f4leur qui est fournis gratuitement offre \u00e0 l\u2019administrateur &hellip; Continuer la lecture de &laquo;&nbsp;Solution WIFI&nbsp;&raquo;\" \/>\n<meta property=\"og:url\" content=\"https:\/\/ncis.tn\/index.php\/solution-wifi\/\" \/>\n<meta property=\"og:site_name\" content=\"NCIS\" \/>\n<meta property=\"article:publisher\" content=\"https:\/\/www.facebook.com\/Network-and-Computer-Integration-Services-547099998717157\/\" \/>\n<meta property=\"article:modified_time\" content=\"2017-10-30T07:52:26+00:00\" \/>\n<meta property=\"og:image\" content=\"https:\/\/ncis.tn\/wp-content\/uploads\/2017\/10\/Ubiquiti-Unifi-Wifi-AC-1024x596.jpg\" \/>\n\t<meta property=\"og:image:width\" content=\"1024\" \/>\n\t<meta property=\"og:image:height\" content=\"596\" \/>\n\t<meta property=\"og:image:type\" content=\"image\/jpeg\" \/>\n<meta name=\"twitter:card\" content=\"summary_large_image\" \/>\n<script type=\"application\/ld+json\" class=\"yoast-schema-graph\">{\"@context\":\"https:\/\/schema.org\",\"@graph\":[{\"@type\":\"WebPage\",\"@id\":\"https:\/\/ncis.tn\/index.php\/solution-wifi\/\",\"url\":\"https:\/\/ncis.tn\/index.php\/solution-wifi\/\",\"name\":\"Solution WIFI - NCIS\",\"isPartOf\":{\"@id\":\"http:\/\/ncis.tn\/#website\"},\"primaryImageOfPage\":{\"@id\":\"https:\/\/ncis.tn\/index.php\/solution-wifi\/#primaryimage\"},\"image\":{\"@id\":\"https:\/\/ncis.tn\/index.php\/solution-wifi\/#primaryimage\"},\"thumbnailUrl\":\"https:\/\/ncis.tn\/wp-content\/uploads\/2017\/10\/Ubiquiti-Unifi-Wifi-AC-1024x596.jpg\",\"datePublished\":\"2017-10-24T19:08:44+00:00\",\"dateModified\":\"2017-10-30T07:52:26+00:00\",\"breadcrumb\":{\"@id\":\"https:\/\/ncis.tn\/index.php\/solution-wifi\/#breadcrumb\"},\"inLanguage\":\"fr-FR\",\"potentialAction\":[{\"@type\":\"ReadAction\",\"target\":[\"https:\/\/ncis.tn\/index.php\/solution-wifi\/\"]}]},{\"@type\":\"ImageObject\",\"inLanguage\":\"fr-FR\",\"@id\":\"https:\/\/ncis.tn\/index.php\/solution-wifi\/#primaryimage\",\"url\":\"https:\/\/ncis.tn\/wp-content\/uploads\/2017\/10\/Ubiquiti-Unifi-Wifi-AC-1024x596.jpg\",\"contentUrl\":\"https:\/\/ncis.tn\/wp-content\/uploads\/2017\/10\/Ubiquiti-Unifi-Wifi-AC-1024x596.jpg\",\"width\":1024,\"height\":596},{\"@type\":\"BreadcrumbList\",\"@id\":\"https:\/\/ncis.tn\/index.php\/solution-wifi\/#breadcrumb\",\"itemListElement\":[{\"@type\":\"ListItem\",\"position\":1,\"name\":\"Accueil\",\"item\":\"http:\/\/ncis.tn\/\"},{\"@type\":\"ListItem\",\"position\":2,\"name\":\"Solution WIFI\"}]},{\"@type\":\"WebSite\",\"@id\":\"http:\/\/ncis.tn\/#website\",\"url\":\"http:\/\/ncis.tn\/\",\"name\":\"NCIS\",\"description\":\"Think . Build . Connect\",\"publisher\":{\"@id\":\"http:\/\/ncis.tn\/#organization\"},\"potentialAction\":[{\"@type\":\"SearchAction\",\"target\":{\"@type\":\"EntryPoint\",\"urlTemplate\":\"http:\/\/ncis.tn\/?s={search_term_string}\"},\"query-input\":\"required name=search_term_string\"}],\"inLanguage\":\"fr-FR\"},{\"@type\":\"Organization\",\"@id\":\"http:\/\/ncis.tn\/#organization\",\"name\":\"NCIS Tunisie\",\"url\":\"http:\/\/ncis.tn\/\",\"logo\":{\"@type\":\"ImageObject\",\"inLanguage\":\"fr-FR\",\"@id\":\"http:\/\/ncis.tn\/#\/schema\/logo\/image\/\",\"url\":\"http:\/\/ncis.tn\/wp-content\/uploads\/2017\/10\/cropped-logo_2.png\",\"contentUrl\":\"http:\/\/ncis.tn\/wp-content\/uploads\/2017\/10\/cropped-logo_2.png\",\"width\":250,\"height\":250,\"caption\":\"NCIS Tunisie\"},\"image\":{\"@id\":\"http:\/\/ncis.tn\/#\/schema\/logo\/image\/\"},\"sameAs\":[\"https:\/\/www.facebook.com\/Network-and-Computer-Integration-Services-547099998717157\/\",\"https:\/\/www.linkedin.com\/company\/18313703\/\"]}]}<\/script>\n<!-- \/ Yoast SEO plugin. -->","yoast_head_json":{"title":"Solution WIFI - NCIS","robots":{"index":"index","follow":"follow","max-snippet":"max-snippet:-1","max-image-preview":"max-image-preview:large","max-video-preview":"max-video-preview:-1"},"canonical":"https:\/\/ncis.tn\/index.php\/solution-wifi\/","og_locale":"fr_FR","og_type":"article","og_title":"Solution WIFI - NCIS","og_description":"NCIS est partenaire avec le g\u00e9ant am\u00e9ricain du sans-fil UBIQUITI ( plusieurs millions de livraisons par an sur +180 pays) . Avec ces produits Unifi , il a r\u00e9volutionn\u00e9 l&rsquo;industrie du WIFI en proposant des produits tr\u00e8s puissants, les meilleurs dans leur cat\u00e9gories, discrets et \u00e9l\u00e9gants. Le contr\u00f4leur qui est fournis gratuitement offre \u00e0 l\u2019administrateur &hellip; Continuer la lecture de &laquo;&nbsp;Solution WIFI&nbsp;&raquo;","og_url":"https:\/\/ncis.tn\/index.php\/solution-wifi\/","og_site_name":"NCIS","article_publisher":"https:\/\/www.facebook.com\/Network-and-Computer-Integration-Services-547099998717157\/","article_modified_time":"2017-10-30T07:52:26+00:00","og_image":[{"width":1024,"height":596,"url":"https:\/\/ncis.tn\/wp-content\/uploads\/2017\/10\/Ubiquiti-Unifi-Wifi-AC-1024x596.jpg","type":"image\/jpeg"}],"twitter_card":"summary_large_image","schema":{"@context":"https:\/\/schema.org","@graph":[{"@type":"WebPage","@id":"https:\/\/ncis.tn\/index.php\/solution-wifi\/","url":"https:\/\/ncis.tn\/index.php\/solution-wifi\/","name":"Solution WIFI - NCIS","isPartOf":{"@id":"http:\/\/ncis.tn\/#website"},"primaryImageOfPage":{"@id":"https:\/\/ncis.tn\/index.php\/solution-wifi\/#primaryimage"},"image":{"@id":"https:\/\/ncis.tn\/index.php\/solution-wifi\/#primaryimage"},"thumbnailUrl":"https:\/\/ncis.tn\/wp-content\/uploads\/2017\/10\/Ubiquiti-Unifi-Wifi-AC-1024x596.jpg","datePublished":"2017-10-24T19:08:44+00:00","dateModified":"2017-10-30T07:52:26+00:00","breadcrumb":{"@id":"https:\/\/ncis.tn\/index.php\/solution-wifi\/#breadcrumb"},"inLanguage":"fr-FR","potentialAction":[{"@type":"ReadAction","target":["https:\/\/ncis.tn\/index.php\/solution-wifi\/"]}]},{"@type":"ImageObject","inLanguage":"fr-FR","@id":"https:\/\/ncis.tn\/index.php\/solution-wifi\/#primaryimage","url":"https:\/\/ncis.tn\/wp-content\/uploads\/2017\/10\/Ubiquiti-Unifi-Wifi-AC-1024x596.jpg","contentUrl":"https:\/\/ncis.tn\/wp-content\/uploads\/2017\/10\/Ubiquiti-Unifi-Wifi-AC-1024x596.jpg","width":1024,"height":596},{"@type":"BreadcrumbList","@id":"https:\/\/ncis.tn\/index.php\/solution-wifi\/#breadcrumb","itemListElement":[{"@type":"ListItem","position":1,"name":"Accueil","item":"http:\/\/ncis.tn\/"},{"@type":"ListItem","position":2,"name":"Solution WIFI"}]},{"@type":"WebSite","@id":"http:\/\/ncis.tn\/#website","url":"http:\/\/ncis.tn\/","name":"NCIS","description":"Think . Build . Connect","publisher":{"@id":"http:\/\/ncis.tn\/#organization"},"potentialAction":[{"@type":"SearchAction","target":{"@type":"EntryPoint","urlTemplate":"http:\/\/ncis.tn\/?s={search_term_string}"},"query-input":"required name=search_term_string"}],"inLanguage":"fr-FR"},{"@type":"Organization","@id":"http:\/\/ncis.tn\/#organization","name":"NCIS Tunisie","url":"http:\/\/ncis.tn\/","logo":{"@type":"ImageObject","inLanguage":"fr-FR","@id":"http:\/\/ncis.tn\/#\/schema\/logo\/image\/","url":"http:\/\/ncis.tn\/wp-content\/uploads\/2017\/10\/cropped-logo_2.png","contentUrl":"http:\/\/ncis.tn\/wp-content\/uploads\/2017\/10\/cropped-logo_2.png","width":250,"height":250,"caption":"NCIS Tunisie"},"image":{"@id":"http:\/\/ncis.tn\/#\/schema\/logo\/image\/"},"sameAs":["https:\/\/www.facebook.com\/Network-and-Computer-Integration-Services-547099998717157\/","https:\/\/www.linkedin.com\/company\/18313703\/"]}]}},"_links":{"self":[{"href":"https:\/\/ncis.tn\/index.php\/wp-json\/wp\/v2\/pages\/99","targetHints":{"allow":["GET"]}}],"collection":[{"href":"https:\/\/ncis.tn\/index.php\/wp-json\/wp\/v2\/pages"}],"about":[{"href":"https:\/\/ncis.tn\/index.php\/wp-json\/wp\/v2\/types\/page"}],"author":[{"embeddable":true,"href":"https:\/\/ncis.tn\/index.php\/wp-json\/wp\/v2\/users\/1"}],"replies":[{"embeddable":true,"href":"https:\/\/ncis.tn\/index.php\/wp-json\/wp\/v2\/comments?post=99"}],"version-history":[{"count":4,"href":"https:\/\/ncis.tn\/index.php\/wp-json\/wp\/v2\/pages\/99\/revisions"}],"predecessor-version":[{"id":195,"href":"https:\/\/ncis.tn\/index.php\/wp-json\/wp\/v2\/pages\/99\/revisions\/195"}],"wp:featuredmedia":[{"embeddable":true,"href":"https:\/\/ncis.tn\/index.php\/wp-json\/wp\/v2\/media\/121"}],"wp:attachment":[{"href":"https:\/\/ncis.tn\/index.php\/wp-json\/wp\/v2\/media?parent=99"}],"curies":[{"name":"wp","href":"https:\/\/api.w.org\/{rel}","templated":true}]}}