{"id":97,"date":"2017-10-24T20:08:24","date_gmt":"2017-10-24T19:08:24","guid":{"rendered":"http:\/\/ncis.tn\/?page_id=97"},"modified":"2017-10-30T08:49:28","modified_gmt":"2017-10-30T07:49:28","slug":"solution-reseau","status":"publish","type":"page","link":"https:\/\/ncis.tn\/index.php\/solution-reseau\/","title":{"rendered":"Solution R\u00e9seau"},"content":{"rendered":"<p>Nos ing\u00e9nieurs certifi\u00e9s Cisco et Ubiquiti \u00e9tudient et installent en sous-traitance ou directement\u00a0 des solutions d\u2019infrastructure r\u00e9seau pour de grandes entreprises en Tunisie.<\/p>\n<p style=\"text-align: center;\"><em><strong>Le plus important : Nous ma\u00eetrisons les produits et les solutions que nous proposons<\/strong><\/em><\/p>\n<p><a href=\"https:\/\/locatr.cloudapps.cisco.com\/WWChannels\/LOCATR\/openBasicSearch.do\"><img loading=\"lazy\" decoding=\"async\" class=\"size-full wp-image-159 aligncenter\" src=\"http:\/\/ncis.tn\/wp-content\/uploads\/2017\/10\/Cisco-SMB-Logo.jpg\" alt=\"\" width=\"300\" height=\"92\" \/><\/a><\/p>\n<p>NCIS est partenaire <a href=\"https:\/\/locatr.cloudapps.cisco.com\/WWChannels\/LOCATR\/openBasicSearch.do\">CISCO<\/a> et Ubiquiti depuis plusieurs ann\u00e9es.<\/p>\n<p><img loading=\"lazy\" decoding=\"async\" class=\"size-full wp-image-160 aligncenter\" src=\"http:\/\/ncis.tn\/wp-content\/uploads\/2017\/10\/Vlan-firewall.jpg\" alt=\"\" width=\"750\" height=\"561\" srcset=\"https:\/\/ncis.tn\/wp-content\/uploads\/2017\/10\/Vlan-firewall.jpg 750w, https:\/\/ncis.tn\/wp-content\/uploads\/2017\/10\/Vlan-firewall-300x224.jpg 300w\" sizes=\"auto, (max-width: 706px) 89vw, (max-width: 767px) 82vw, 740px\" \/><\/p>\n<p>Nous somme en mesure de s\u00e9curiser, segmenter votre r\u00e9seau et contr\u00f4ler votre trafic afin d&rsquo;optimiser votre bande passante et d&rsquo;augmenter la productivit\u00e9 de vos employ\u00e9s.<\/p>\n<p>Avec nos solutions VPN anti-blocage, vous avez acc\u00e8s \u00e0 vos donn\u00e9es de mani\u00e8re s\u00e9curis\u00e9e , de n&rsquo;importe quel point du globe, m\u00eame si vous \u00eates connect\u00e9 \u00e0 un r\u00e9seau filtr\u00e9.<\/p>\n<p>Par exemple, nos solutions sont capable de d\u00e9crypter et d\u2019analyser du trafic HTTPS \u00ab\u00a0on-fly\u00a0\u00bb, pour bloquer facebook ou des video youtube\u00a0 .<\/p>\n<p><img loading=\"lazy\" decoding=\"async\" class=\"alignnone size-full wp-image-158\" src=\"http:\/\/ncis.tn\/wp-content\/uploads\/2017\/10\/ngfw-diagram.jpg\" alt=\"\" width=\"750\" height=\"441\" srcset=\"https:\/\/ncis.tn\/wp-content\/uploads\/2017\/10\/ngfw-diagram.jpg 750w, https:\/\/ncis.tn\/wp-content\/uploads\/2017\/10\/ngfw-diagram-300x176.jpg 300w\" sizes=\"auto, (max-width: 706px) 89vw, (max-width: 767px) 82vw, 740px\" \/><\/p>\n<p>Sur toutes nos installations, nous offrons des outils d&rsquo;administration puissants et conviviales, accessibles aux profanes afin de r\u00e9aliser des op\u00e9rations simple.<\/p>\n","protected":false},"excerpt":{"rendered":"<p>Nos ing\u00e9nieurs certifi\u00e9s Cisco et Ubiquiti \u00e9tudient et installent en sous-traitance ou directement\u00a0 des solutions d\u2019infrastructure r\u00e9seau pour de grandes entreprises en Tunisie. Le plus important : Nous ma\u00eetrisons les produits et les solutions que nous proposons NCIS est partenaire CISCO et Ubiquiti depuis plusieurs ann\u00e9es. Nous somme en mesure de s\u00e9curiser, segmenter votre r\u00e9seau &hellip; <\/p>\n<p class=\"link-more\"><a href=\"https:\/\/ncis.tn\/index.php\/solution-reseau\/\" class=\"more-link\">Continuer la lecture<span class=\"screen-reader-text\"> de &laquo;&nbsp;Solution R\u00e9seau&nbsp;&raquo;<\/span><\/a><\/p>\n","protected":false},"author":1,"featured_media":0,"parent":0,"menu_order":0,"comment_status":"closed","ping_status":"closed","template":"","meta":{"om_disable_all_campaigns":false,"_monsterinsights_skip_tracking":false,"_monsterinsights_sitenote_active":false,"_monsterinsights_sitenote_note":"","_monsterinsights_sitenote_category":0,"_uf_show_specific_survey":0,"_uf_disable_surveys":false,"footnotes":""},"class_list":["post-97","page","type-page","status-publish","hentry"],"yoast_head":"<!-- This site is optimized with the Yoast SEO plugin v22.4 - https:\/\/yoast.com\/wordpress\/plugins\/seo\/ -->\n<title>Solution R\u00e9seau - NCIS<\/title>\n<meta name=\"robots\" content=\"index, follow, max-snippet:-1, max-image-preview:large, max-video-preview:-1\" \/>\n<link rel=\"canonical\" href=\"http:\/\/ncis.tn\/index.php\/solution-reseau\/\" \/>\n<meta property=\"og:locale\" content=\"fr_FR\" \/>\n<meta property=\"og:type\" content=\"article\" \/>\n<meta property=\"og:title\" content=\"Solution R\u00e9seau - NCIS\" \/>\n<meta property=\"og:description\" content=\"Nos ing\u00e9nieurs certifi\u00e9s Cisco et Ubiquiti \u00e9tudient et installent en sous-traitance ou directement\u00a0 des solutions d\u2019infrastructure r\u00e9seau pour de grandes entreprises en Tunisie. Le plus important : Nous ma\u00eetrisons les produits et les solutions que nous proposons NCIS est partenaire CISCO et Ubiquiti depuis plusieurs ann\u00e9es. Nous somme en mesure de s\u00e9curiser, segmenter votre r\u00e9seau &hellip; Continuer la lecture de &laquo;&nbsp;Solution R\u00e9seau&nbsp;&raquo;\" \/>\n<meta property=\"og:url\" content=\"http:\/\/ncis.tn\/index.php\/solution-reseau\/\" \/>\n<meta property=\"og:site_name\" content=\"NCIS\" \/>\n<meta property=\"article:publisher\" content=\"https:\/\/www.facebook.com\/Network-and-Computer-Integration-Services-547099998717157\/\" \/>\n<meta property=\"article:modified_time\" content=\"2017-10-30T07:49:28+00:00\" \/>\n<meta property=\"og:image\" content=\"http:\/\/ncis.tn\/wp-content\/uploads\/2017\/10\/Cisco-SMB-Logo.jpg\" \/>\n<meta name=\"twitter:card\" content=\"summary_large_image\" \/>\n<meta name=\"twitter:label1\" content=\"Dur\u00e9e de lecture estim\u00e9e\" \/>\n\t<meta name=\"twitter:data1\" content=\"1 minute\" \/>\n<script type=\"application\/ld+json\" class=\"yoast-schema-graph\">{\"@context\":\"https:\/\/schema.org\",\"@graph\":[{\"@type\":\"WebPage\",\"@id\":\"http:\/\/ncis.tn\/index.php\/solution-reseau\/\",\"url\":\"http:\/\/ncis.tn\/index.php\/solution-reseau\/\",\"name\":\"Solution R\u00e9seau - NCIS\",\"isPartOf\":{\"@id\":\"http:\/\/ncis.tn\/#website\"},\"primaryImageOfPage\":{\"@id\":\"http:\/\/ncis.tn\/index.php\/solution-reseau\/#primaryimage\"},\"image\":{\"@id\":\"http:\/\/ncis.tn\/index.php\/solution-reseau\/#primaryimage\"},\"thumbnailUrl\":\"http:\/\/ncis.tn\/wp-content\/uploads\/2017\/10\/Cisco-SMB-Logo.jpg\",\"datePublished\":\"2017-10-24T19:08:24+00:00\",\"dateModified\":\"2017-10-30T07:49:28+00:00\",\"breadcrumb\":{\"@id\":\"http:\/\/ncis.tn\/index.php\/solution-reseau\/#breadcrumb\"},\"inLanguage\":\"fr-FR\",\"potentialAction\":[{\"@type\":\"ReadAction\",\"target\":[\"http:\/\/ncis.tn\/index.php\/solution-reseau\/\"]}]},{\"@type\":\"ImageObject\",\"inLanguage\":\"fr-FR\",\"@id\":\"http:\/\/ncis.tn\/index.php\/solution-reseau\/#primaryimage\",\"url\":\"https:\/\/ncis.tn\/wp-content\/uploads\/2017\/10\/Cisco-SMB-Logo.jpg\",\"contentUrl\":\"https:\/\/ncis.tn\/wp-content\/uploads\/2017\/10\/Cisco-SMB-Logo.jpg\",\"width\":300,\"height\":92},{\"@type\":\"BreadcrumbList\",\"@id\":\"http:\/\/ncis.tn\/index.php\/solution-reseau\/#breadcrumb\",\"itemListElement\":[{\"@type\":\"ListItem\",\"position\":1,\"name\":\"Accueil\",\"item\":\"http:\/\/ncis.tn\/\"},{\"@type\":\"ListItem\",\"position\":2,\"name\":\"Solution R\u00e9seau\"}]},{\"@type\":\"WebSite\",\"@id\":\"http:\/\/ncis.tn\/#website\",\"url\":\"http:\/\/ncis.tn\/\",\"name\":\"NCIS\",\"description\":\"Think . Build . Connect\",\"publisher\":{\"@id\":\"http:\/\/ncis.tn\/#organization\"},\"potentialAction\":[{\"@type\":\"SearchAction\",\"target\":{\"@type\":\"EntryPoint\",\"urlTemplate\":\"http:\/\/ncis.tn\/?s={search_term_string}\"},\"query-input\":\"required name=search_term_string\"}],\"inLanguage\":\"fr-FR\"},{\"@type\":\"Organization\",\"@id\":\"http:\/\/ncis.tn\/#organization\",\"name\":\"NCIS Tunisie\",\"url\":\"http:\/\/ncis.tn\/\",\"logo\":{\"@type\":\"ImageObject\",\"inLanguage\":\"fr-FR\",\"@id\":\"http:\/\/ncis.tn\/#\/schema\/logo\/image\/\",\"url\":\"http:\/\/ncis.tn\/wp-content\/uploads\/2017\/10\/cropped-logo_2.png\",\"contentUrl\":\"http:\/\/ncis.tn\/wp-content\/uploads\/2017\/10\/cropped-logo_2.png\",\"width\":250,\"height\":250,\"caption\":\"NCIS Tunisie\"},\"image\":{\"@id\":\"http:\/\/ncis.tn\/#\/schema\/logo\/image\/\"},\"sameAs\":[\"https:\/\/www.facebook.com\/Network-and-Computer-Integration-Services-547099998717157\/\",\"https:\/\/www.linkedin.com\/company\/18313703\/\"]}]}<\/script>\n<!-- \/ Yoast SEO plugin. -->","yoast_head_json":{"title":"Solution R\u00e9seau - NCIS","robots":{"index":"index","follow":"follow","max-snippet":"max-snippet:-1","max-image-preview":"max-image-preview:large","max-video-preview":"max-video-preview:-1"},"canonical":"http:\/\/ncis.tn\/index.php\/solution-reseau\/","og_locale":"fr_FR","og_type":"article","og_title":"Solution R\u00e9seau - NCIS","og_description":"Nos ing\u00e9nieurs certifi\u00e9s Cisco et Ubiquiti \u00e9tudient et installent en sous-traitance ou directement\u00a0 des solutions d\u2019infrastructure r\u00e9seau pour de grandes entreprises en Tunisie. Le plus important : Nous ma\u00eetrisons les produits et les solutions que nous proposons NCIS est partenaire CISCO et Ubiquiti depuis plusieurs ann\u00e9es. Nous somme en mesure de s\u00e9curiser, segmenter votre r\u00e9seau &hellip; Continuer la lecture de &laquo;&nbsp;Solution R\u00e9seau&nbsp;&raquo;","og_url":"http:\/\/ncis.tn\/index.php\/solution-reseau\/","og_site_name":"NCIS","article_publisher":"https:\/\/www.facebook.com\/Network-and-Computer-Integration-Services-547099998717157\/","article_modified_time":"2017-10-30T07:49:28+00:00","og_image":[{"url":"http:\/\/ncis.tn\/wp-content\/uploads\/2017\/10\/Cisco-SMB-Logo.jpg"}],"twitter_card":"summary_large_image","twitter_misc":{"Dur\u00e9e de lecture estim\u00e9e":"1 minute"},"schema":{"@context":"https:\/\/schema.org","@graph":[{"@type":"WebPage","@id":"http:\/\/ncis.tn\/index.php\/solution-reseau\/","url":"http:\/\/ncis.tn\/index.php\/solution-reseau\/","name":"Solution R\u00e9seau - NCIS","isPartOf":{"@id":"http:\/\/ncis.tn\/#website"},"primaryImageOfPage":{"@id":"http:\/\/ncis.tn\/index.php\/solution-reseau\/#primaryimage"},"image":{"@id":"http:\/\/ncis.tn\/index.php\/solution-reseau\/#primaryimage"},"thumbnailUrl":"http:\/\/ncis.tn\/wp-content\/uploads\/2017\/10\/Cisco-SMB-Logo.jpg","datePublished":"2017-10-24T19:08:24+00:00","dateModified":"2017-10-30T07:49:28+00:00","breadcrumb":{"@id":"http:\/\/ncis.tn\/index.php\/solution-reseau\/#breadcrumb"},"inLanguage":"fr-FR","potentialAction":[{"@type":"ReadAction","target":["http:\/\/ncis.tn\/index.php\/solution-reseau\/"]}]},{"@type":"ImageObject","inLanguage":"fr-FR","@id":"http:\/\/ncis.tn\/index.php\/solution-reseau\/#primaryimage","url":"https:\/\/ncis.tn\/wp-content\/uploads\/2017\/10\/Cisco-SMB-Logo.jpg","contentUrl":"https:\/\/ncis.tn\/wp-content\/uploads\/2017\/10\/Cisco-SMB-Logo.jpg","width":300,"height":92},{"@type":"BreadcrumbList","@id":"http:\/\/ncis.tn\/index.php\/solution-reseau\/#breadcrumb","itemListElement":[{"@type":"ListItem","position":1,"name":"Accueil","item":"http:\/\/ncis.tn\/"},{"@type":"ListItem","position":2,"name":"Solution R\u00e9seau"}]},{"@type":"WebSite","@id":"http:\/\/ncis.tn\/#website","url":"http:\/\/ncis.tn\/","name":"NCIS","description":"Think . Build . Connect","publisher":{"@id":"http:\/\/ncis.tn\/#organization"},"potentialAction":[{"@type":"SearchAction","target":{"@type":"EntryPoint","urlTemplate":"http:\/\/ncis.tn\/?s={search_term_string}"},"query-input":"required name=search_term_string"}],"inLanguage":"fr-FR"},{"@type":"Organization","@id":"http:\/\/ncis.tn\/#organization","name":"NCIS Tunisie","url":"http:\/\/ncis.tn\/","logo":{"@type":"ImageObject","inLanguage":"fr-FR","@id":"http:\/\/ncis.tn\/#\/schema\/logo\/image\/","url":"http:\/\/ncis.tn\/wp-content\/uploads\/2017\/10\/cropped-logo_2.png","contentUrl":"http:\/\/ncis.tn\/wp-content\/uploads\/2017\/10\/cropped-logo_2.png","width":250,"height":250,"caption":"NCIS Tunisie"},"image":{"@id":"http:\/\/ncis.tn\/#\/schema\/logo\/image\/"},"sameAs":["https:\/\/www.facebook.com\/Network-and-Computer-Integration-Services-547099998717157\/","https:\/\/www.linkedin.com\/company\/18313703\/"]}]}},"_links":{"self":[{"href":"https:\/\/ncis.tn\/index.php\/wp-json\/wp\/v2\/pages\/97","targetHints":{"allow":["GET"]}}],"collection":[{"href":"https:\/\/ncis.tn\/index.php\/wp-json\/wp\/v2\/pages"}],"about":[{"href":"https:\/\/ncis.tn\/index.php\/wp-json\/wp\/v2\/types\/page"}],"author":[{"embeddable":true,"href":"https:\/\/ncis.tn\/index.php\/wp-json\/wp\/v2\/users\/1"}],"replies":[{"embeddable":true,"href":"https:\/\/ncis.tn\/index.php\/wp-json\/wp\/v2\/comments?post=97"}],"version-history":[{"count":4,"href":"https:\/\/ncis.tn\/index.php\/wp-json\/wp\/v2\/pages\/97\/revisions"}],"predecessor-version":[{"id":193,"href":"https:\/\/ncis.tn\/index.php\/wp-json\/wp\/v2\/pages\/97\/revisions\/193"}],"wp:attachment":[{"href":"https:\/\/ncis.tn\/index.php\/wp-json\/wp\/v2\/media?parent=97"}],"curies":[{"name":"wp","href":"https:\/\/api.w.org\/{rel}","templated":true}]}}