{"id":94,"date":"2017-10-24T20:07:46","date_gmt":"2017-10-24T19:07:46","guid":{"rendered":"http:\/\/ncis.tn\/?page_id=94"},"modified":"2017-10-30T08:46:41","modified_gmt":"2017-10-30T07:46:41","slug":"solution-domotique","status":"publish","type":"page","link":"https:\/\/ncis.tn\/index.php\/solution-domotique\/","title":{"rendered":"Solution Domotique"},"content":{"rendered":"<p>Contrairement \u00e0 une solution KNX classique et tr\u00e8s co\u00fbteuse , nous proposons une solution \u00e0 base d&rsquo;automates! Vous gardez un c\u00e2blage et des \u00e9quipements classiques mais tout sera sera sous votre Control! Nous pouvons mettre en sc\u00e8ne une infinit\u00e9 de sc\u00e9narios, par exemple :\u00a0 les volets s&rsquo;ouvrent \u00e0 votre r\u00e9veil le matin ou que la TV s&rsquo;allume par commande vocale .<\/p>\n<div style=\"width: 525px;\" class=\"wp-video\"><video class=\"wp-video-shortcode\" id=\"video-94-1\" width=\"525\" height=\"295\" autoplay preload=\"auto\" controls=\"controls\"><source type=\"video\/mp4\" src=\"http:\/\/ncis.tn\/wp-content\/uploads\/2017\/10\/Domotique2.mp4?_=1\" \/><a href=\"http:\/\/ncis.tn\/wp-content\/uploads\/2017\/10\/Domotique2.mp4\">http:\/\/ncis.tn\/wp-content\/uploads\/2017\/10\/Domotique2.mp4<\/a><\/video><\/div>\n<p>Notre solution est OPEN et s\u2019int\u00e8gre avec les technologies ouvertes KNX , Z-WAVE et EnOcean mais aussi les solutions propri\u00e9taires tel que Somfy RTS ou Legrand. Notre solution est compatible sur une ancienne installation \u00e9lectrique sans domotique<\/p>\n","protected":false},"excerpt":{"rendered":"<p>Contrairement \u00e0 une solution KNX classique et tr\u00e8s co\u00fbteuse , nous proposons une solution \u00e0 base d&rsquo;automates! Vous gardez un c\u00e2blage et des \u00e9quipements classiques mais tout sera sera sous votre Control! Nous pouvons mettre en sc\u00e8ne une infinit\u00e9 de sc\u00e9narios, par exemple :\u00a0 les volets s&rsquo;ouvrent \u00e0 votre r\u00e9veil le matin ou que la &hellip; <\/p>\n<p class=\"link-more\"><a href=\"https:\/\/ncis.tn\/index.php\/solution-domotique\/\" class=\"more-link\">Continuer la lecture<span class=\"screen-reader-text\"> de &laquo;&nbsp;Solution Domotique&nbsp;&raquo;<\/span><\/a><\/p>\n","protected":false},"author":1,"featured_media":0,"parent":0,"menu_order":0,"comment_status":"closed","ping_status":"closed","template":"","meta":{"om_disable_all_campaigns":false,"_monsterinsights_skip_tracking":false,"_monsterinsights_sitenote_active":false,"_monsterinsights_sitenote_note":"","_monsterinsights_sitenote_category":0,"_uf_show_specific_survey":0,"_uf_disable_surveys":false,"footnotes":""},"class_list":["post-94","page","type-page","status-publish","hentry"],"yoast_head":"<!-- This site is optimized with the Yoast SEO plugin v22.4 - https:\/\/yoast.com\/wordpress\/plugins\/seo\/ -->\n<title>Solution Domotique - NCIS<\/title>\n<meta name=\"robots\" content=\"index, follow, max-snippet:-1, max-image-preview:large, max-video-preview:-1\" \/>\n<link rel=\"canonical\" href=\"https:\/\/ncis.tn\/index.php\/solution-domotique\/\" \/>\n<meta property=\"og:locale\" content=\"fr_FR\" \/>\n<meta property=\"og:type\" content=\"article\" \/>\n<meta property=\"og:title\" content=\"Solution Domotique - NCIS\" \/>\n<meta property=\"og:description\" content=\"Contrairement \u00e0 une solution KNX classique et tr\u00e8s co\u00fbteuse , nous proposons une solution \u00e0 base d&rsquo;automates! Vous gardez un c\u00e2blage et des \u00e9quipements classiques mais tout sera sera sous votre Control! Nous pouvons mettre en sc\u00e8ne une infinit\u00e9 de sc\u00e9narios, par exemple :\u00a0 les volets s&rsquo;ouvrent \u00e0 votre r\u00e9veil le matin ou que la &hellip; Continuer la lecture de &laquo;&nbsp;Solution Domotique&nbsp;&raquo;\" \/>\n<meta property=\"og:url\" content=\"https:\/\/ncis.tn\/index.php\/solution-domotique\/\" \/>\n<meta property=\"og:site_name\" content=\"NCIS\" \/>\n<meta property=\"article:publisher\" content=\"https:\/\/www.facebook.com\/Network-and-Computer-Integration-Services-547099998717157\/\" \/>\n<meta property=\"article:modified_time\" content=\"2017-10-30T07:46:41+00:00\" \/>\n<meta name=\"twitter:card\" content=\"summary_large_image\" \/>\n<meta name=\"twitter:label1\" content=\"Dur\u00e9e de lecture estim\u00e9e\" \/>\n\t<meta name=\"twitter:data1\" content=\"1 minute\" \/>\n<script type=\"application\/ld+json\" class=\"yoast-schema-graph\">{\"@context\":\"https:\/\/schema.org\",\"@graph\":[{\"@type\":\"WebPage\",\"@id\":\"https:\/\/ncis.tn\/index.php\/solution-domotique\/\",\"url\":\"https:\/\/ncis.tn\/index.php\/solution-domotique\/\",\"name\":\"Solution Domotique - NCIS\",\"isPartOf\":{\"@id\":\"http:\/\/ncis.tn\/#website\"},\"datePublished\":\"2017-10-24T19:07:46+00:00\",\"dateModified\":\"2017-10-30T07:46:41+00:00\",\"breadcrumb\":{\"@id\":\"https:\/\/ncis.tn\/index.php\/solution-domotique\/#breadcrumb\"},\"inLanguage\":\"fr-FR\",\"potentialAction\":[{\"@type\":\"ReadAction\",\"target\":[\"https:\/\/ncis.tn\/index.php\/solution-domotique\/\"]}]},{\"@type\":\"BreadcrumbList\",\"@id\":\"https:\/\/ncis.tn\/index.php\/solution-domotique\/#breadcrumb\",\"itemListElement\":[{\"@type\":\"ListItem\",\"position\":1,\"name\":\"Accueil\",\"item\":\"http:\/\/ncis.tn\/\"},{\"@type\":\"ListItem\",\"position\":2,\"name\":\"Solution Domotique\"}]},{\"@type\":\"WebSite\",\"@id\":\"http:\/\/ncis.tn\/#website\",\"url\":\"http:\/\/ncis.tn\/\",\"name\":\"NCIS\",\"description\":\"Think . Build . Connect\",\"publisher\":{\"@id\":\"http:\/\/ncis.tn\/#organization\"},\"potentialAction\":[{\"@type\":\"SearchAction\",\"target\":{\"@type\":\"EntryPoint\",\"urlTemplate\":\"http:\/\/ncis.tn\/?s={search_term_string}\"},\"query-input\":\"required name=search_term_string\"}],\"inLanguage\":\"fr-FR\"},{\"@type\":\"Organization\",\"@id\":\"http:\/\/ncis.tn\/#organization\",\"name\":\"NCIS Tunisie\",\"url\":\"http:\/\/ncis.tn\/\",\"logo\":{\"@type\":\"ImageObject\",\"inLanguage\":\"fr-FR\",\"@id\":\"http:\/\/ncis.tn\/#\/schema\/logo\/image\/\",\"url\":\"http:\/\/ncis.tn\/wp-content\/uploads\/2017\/10\/cropped-logo_2.png\",\"contentUrl\":\"http:\/\/ncis.tn\/wp-content\/uploads\/2017\/10\/cropped-logo_2.png\",\"width\":250,\"height\":250,\"caption\":\"NCIS Tunisie\"},\"image\":{\"@id\":\"http:\/\/ncis.tn\/#\/schema\/logo\/image\/\"},\"sameAs\":[\"https:\/\/www.facebook.com\/Network-and-Computer-Integration-Services-547099998717157\/\",\"https:\/\/www.linkedin.com\/company\/18313703\/\"]}]}<\/script>\n<!-- \/ Yoast SEO plugin. -->","yoast_head_json":{"title":"Solution Domotique - NCIS","robots":{"index":"index","follow":"follow","max-snippet":"max-snippet:-1","max-image-preview":"max-image-preview:large","max-video-preview":"max-video-preview:-1"},"canonical":"https:\/\/ncis.tn\/index.php\/solution-domotique\/","og_locale":"fr_FR","og_type":"article","og_title":"Solution Domotique - NCIS","og_description":"Contrairement \u00e0 une solution KNX classique et tr\u00e8s co\u00fbteuse , nous proposons une solution \u00e0 base d&rsquo;automates! Vous gardez un c\u00e2blage et des \u00e9quipements classiques mais tout sera sera sous votre Control! Nous pouvons mettre en sc\u00e8ne une infinit\u00e9 de sc\u00e9narios, par exemple :\u00a0 les volets s&rsquo;ouvrent \u00e0 votre r\u00e9veil le matin ou que la &hellip; Continuer la lecture de &laquo;&nbsp;Solution Domotique&nbsp;&raquo;","og_url":"https:\/\/ncis.tn\/index.php\/solution-domotique\/","og_site_name":"NCIS","article_publisher":"https:\/\/www.facebook.com\/Network-and-Computer-Integration-Services-547099998717157\/","article_modified_time":"2017-10-30T07:46:41+00:00","twitter_card":"summary_large_image","twitter_misc":{"Dur\u00e9e de lecture estim\u00e9e":"1 minute"},"schema":{"@context":"https:\/\/schema.org","@graph":[{"@type":"WebPage","@id":"https:\/\/ncis.tn\/index.php\/solution-domotique\/","url":"https:\/\/ncis.tn\/index.php\/solution-domotique\/","name":"Solution Domotique - NCIS","isPartOf":{"@id":"http:\/\/ncis.tn\/#website"},"datePublished":"2017-10-24T19:07:46+00:00","dateModified":"2017-10-30T07:46:41+00:00","breadcrumb":{"@id":"https:\/\/ncis.tn\/index.php\/solution-domotique\/#breadcrumb"},"inLanguage":"fr-FR","potentialAction":[{"@type":"ReadAction","target":["https:\/\/ncis.tn\/index.php\/solution-domotique\/"]}]},{"@type":"BreadcrumbList","@id":"https:\/\/ncis.tn\/index.php\/solution-domotique\/#breadcrumb","itemListElement":[{"@type":"ListItem","position":1,"name":"Accueil","item":"http:\/\/ncis.tn\/"},{"@type":"ListItem","position":2,"name":"Solution Domotique"}]},{"@type":"WebSite","@id":"http:\/\/ncis.tn\/#website","url":"http:\/\/ncis.tn\/","name":"NCIS","description":"Think . Build . Connect","publisher":{"@id":"http:\/\/ncis.tn\/#organization"},"potentialAction":[{"@type":"SearchAction","target":{"@type":"EntryPoint","urlTemplate":"http:\/\/ncis.tn\/?s={search_term_string}"},"query-input":"required name=search_term_string"}],"inLanguage":"fr-FR"},{"@type":"Organization","@id":"http:\/\/ncis.tn\/#organization","name":"NCIS Tunisie","url":"http:\/\/ncis.tn\/","logo":{"@type":"ImageObject","inLanguage":"fr-FR","@id":"http:\/\/ncis.tn\/#\/schema\/logo\/image\/","url":"http:\/\/ncis.tn\/wp-content\/uploads\/2017\/10\/cropped-logo_2.png","contentUrl":"http:\/\/ncis.tn\/wp-content\/uploads\/2017\/10\/cropped-logo_2.png","width":250,"height":250,"caption":"NCIS Tunisie"},"image":{"@id":"http:\/\/ncis.tn\/#\/schema\/logo\/image\/"},"sameAs":["https:\/\/www.facebook.com\/Network-and-Computer-Integration-Services-547099998717157\/","https:\/\/www.linkedin.com\/company\/18313703\/"]}]}},"_links":{"self":[{"href":"https:\/\/ncis.tn\/index.php\/wp-json\/wp\/v2\/pages\/94","targetHints":{"allow":["GET"]}}],"collection":[{"href":"https:\/\/ncis.tn\/index.php\/wp-json\/wp\/v2\/pages"}],"about":[{"href":"https:\/\/ncis.tn\/index.php\/wp-json\/wp\/v2\/types\/page"}],"author":[{"embeddable":true,"href":"https:\/\/ncis.tn\/index.php\/wp-json\/wp\/v2\/users\/1"}],"replies":[{"embeddable":true,"href":"https:\/\/ncis.tn\/index.php\/wp-json\/wp\/v2\/comments?post=94"}],"version-history":[{"count":10,"href":"https:\/\/ncis.tn\/index.php\/wp-json\/wp\/v2\/pages\/94\/revisions"}],"predecessor-version":[{"id":192,"href":"https:\/\/ncis.tn\/index.php\/wp-json\/wp\/v2\/pages\/94\/revisions\/192"}],"wp:attachment":[{"href":"https:\/\/ncis.tn\/index.php\/wp-json\/wp\/v2\/media?parent=94"}],"curies":[{"name":"wp","href":"https:\/\/api.w.org\/{rel}","templated":true}]}}