{"id":18,"date":"2017-10-24T14:47:34","date_gmt":"2017-10-24T13:47:34","guid":{"rendered":"http:\/\/ncis.tn\/?page_id=18"},"modified":"2017-10-26T17:11:59","modified_gmt":"2017-10-26T16:11:59","slug":"solutions","status":"publish","type":"page","link":"https:\/\/ncis.tn\/index.php\/solutions\/","title":{"rendered":"Nos Solutions"},"content":{"rendered":"<p>Voici une pr\u00e9sentation des solutions que nous proposons, mais nos ing\u00e9nieurs peuvent aussi r\u00e9pondre \u00e0 un besoin sp\u00e9cifique :<\/p>\n<p style=\"text-align: center;\"><div id=\"metaslider-id-168\" style=\"max-width: 700px;\" class=\"ml-slider-3-70-2 metaslider metaslider-responsive metaslider-168 ml-slider ms-theme-default\" role=\"region\" aria-roledescription=\"Slideshow\" aria-label=\"menu\">\n    <div id=\"metaslider_container_168\">\n        <ul id='metaslider_168' class='rslides'>\n            <li aria-roledescription='slide' aria-labelledby='slide-0'><a href=\"http:\/\/ncis.tn\/index.php\/solution-voip\/\" target=\"_self\"><img loading=\"lazy\" decoding=\"async\" src=\"https:\/\/ncis.tn\/wp-content\/uploads\/2017\/10\/Svoip.jpg\" height=\"300\" width=\"700\" alt=\"\" class=\"slider-168 slide-179\" \/><div class=\"caption-wrap\"><div class=\"caption\">Solutions VOIP  - T\u00e9l\u00e9phonie sur IP<\/div><\/div><\/a><\/li>\n            <li style='display: none;' aria-roledescription='slide' aria-labelledby='slide-1'><a href=\"http:\/\/ncis.tn\/index.php\/solution-wifi\/\" target=\"_self\"><img loading=\"lazy\" decoding=\"async\" src=\"https:\/\/ncis.tn\/wp-content\/uploads\/2017\/10\/Swifi.jpg\" height=\"300\" width=\"700\" alt=\"\" class=\"slider-168 slide-180\" \/><div class=\"caption-wrap\"><div class=\"caption\">Solutions WIFI<\/div><\/div><\/a><\/li>\n            <li style='display: none;' aria-roledescription='slide' aria-labelledby='slide-2'><a href=\"http:\/\/ncis.tn\/index.php\/solution-hotspot\/\" target=\"_self\"><img loading=\"lazy\" decoding=\"async\" src=\"https:\/\/ncis.tn\/wp-content\/uploads\/2017\/10\/SHotspot.jpg\" height=\"300\" width=\"700\" alt=\"\" class=\"slider-168 slide-176\" \/><div class=\"caption-wrap\"><div class=\"caption\">Solutions Hotspot<\/div><\/div><\/a><\/li>\n            <li style='display: none;' aria-roledescription='slide' aria-labelledby='slide-3'><a href=\"http:\/\/ncis.tn\/index.php\/solution-reseau\/\" target=\"_self\"><img loading=\"lazy\" decoding=\"async\" src=\"https:\/\/ncis.tn\/wp-content\/uploads\/2017\/10\/Sreseau.jpg\" height=\"300\" width=\"700\" alt=\"\" class=\"slider-168 slide-177\" \/><div class=\"caption-wrap\"><div class=\"caption\">Solutions R\u00e9seau<\/div><\/div><\/a><\/li>\n            <li style='display: none;' aria-roledescription='slide' aria-labelledby='slide-4'><a href=\"http:\/\/ncis.tn\/index.php\/cablage-vdi\/\" target=\"_self\"><img loading=\"lazy\" decoding=\"async\" src=\"https:\/\/ncis.tn\/wp-content\/uploads\/2017\/10\/SVDI.jpg\" height=\"300\" width=\"700\" alt=\"\" class=\"slider-168 slide-178\" \/><div class=\"caption-wrap\"><div class=\"caption\">Cablage VDI<\/div><\/div><\/a><\/li>\n            <li style='display: none;' aria-roledescription='slide' aria-labelledby='slide-5'><a href=\"http:\/\/ncis.tn\/index.php\/solution-domotique\/\" target=\"_self\"><img loading=\"lazy\" decoding=\"async\" src=\"https:\/\/ncis.tn\/wp-content\/uploads\/2017\/10\/SDomotique.jpg\" height=\"300\" width=\"700\" alt=\"\" class=\"slider-168 slide-175\" \/><div class=\"caption-wrap\"><div class=\"caption\">Solutions Domotique<\/div><\/div><\/a><\/li>\n        <\/ul>\n        \n    <\/div>\n<\/div><\/p>\n<h6 style=\"text-align: center;\"><a href=\"http:\/\/ncis.tn\/index.php\/solution-voip\/\">VOIP <\/a>&#8211; <a href=\"http:\/\/ncis.tn\/index.php\/solution-wifi\/\">WIFI <\/a>&#8211; <a href=\"http:\/\/ncis.tn\/index.php\/solution-hotspot\/\">HOTSPOT <\/a><a href=\"http:\/\/ncis.tn\/index.php\/solution-domotique\/\">\u00a0<\/a>&#8211; <a href=\"http:\/\/ncis.tn\/index.php\/solution-reseau\/\">RESEAU <\/a>&#8211; <a href=\"http:\/\/ncis.tn\/index.php\/cablage-vdi\/\">CABLAGE VDI<\/a>\u00a0 &#8211;\u00a0<a href=\"http:\/\/ncis.tn\/index.php\/solution-domotique\/\">DOMOTIQUE<\/a><\/h6>\n","protected":false},"excerpt":{"rendered":"<p>Voici une pr\u00e9sentation des solutions que nous proposons, mais nos ing\u00e9nieurs peuvent aussi r\u00e9pondre \u00e0 un besoin sp\u00e9cifique : VOIP &#8211; WIFI &#8211; HOTSPOT \u00a0&#8211; RESEAU &#8211; CABLAGE VDI\u00a0 &#8211;\u00a0DOMOTIQUE<\/p>\n","protected":false},"author":1,"featured_media":87,"parent":0,"menu_order":0,"comment_status":"closed","ping_status":"closed","template":"","meta":{"om_disable_all_campaigns":false,"_monsterinsights_skip_tracking":false,"_monsterinsights_sitenote_active":false,"_monsterinsights_sitenote_note":"","_monsterinsights_sitenote_category":0,"_uf_show_specific_survey":0,"_uf_disable_surveys":false,"footnotes":""},"class_list":["post-18","page","type-page","status-publish","has-post-thumbnail","hentry"],"yoast_head":"<!-- This site is optimized with the Yoast SEO plugin v22.4 - https:\/\/yoast.com\/wordpress\/plugins\/seo\/ -->\n<title>Nos Solutions - NCIS<\/title>\n<meta name=\"robots\" content=\"index, follow, max-snippet:-1, max-image-preview:large, max-video-preview:-1\" \/>\n<link rel=\"canonical\" href=\"https:\/\/ncis.tn\/index.php\/solutions\/\" \/>\n<meta property=\"og:locale\" content=\"fr_FR\" \/>\n<meta property=\"og:type\" content=\"article\" \/>\n<meta property=\"og:title\" content=\"Nos Solutions - NCIS\" \/>\n<meta property=\"og:description\" content=\"Voici une pr\u00e9sentation des solutions que nous proposons, mais nos ing\u00e9nieurs peuvent aussi r\u00e9pondre \u00e0 un besoin sp\u00e9cifique : VOIP &#8211; WIFI &#8211; HOTSPOT \u00a0&#8211; RESEAU &#8211; CABLAGE VDI\u00a0 &#8211;\u00a0DOMOTIQUE\" \/>\n<meta property=\"og:url\" content=\"https:\/\/ncis.tn\/index.php\/solutions\/\" \/>\n<meta property=\"og:site_name\" content=\"NCIS\" \/>\n<meta property=\"article:publisher\" content=\"https:\/\/www.facebook.com\/Network-and-Computer-Integration-Services-547099998717157\/\" \/>\n<meta property=\"article:modified_time\" content=\"2017-10-26T16:11:59+00:00\" \/>\n<meta property=\"og:image\" content=\"https:\/\/ncis.tn\/wp-content\/uploads\/2017\/10\/network3.jpg\" \/>\n\t<meta property=\"og:image:width\" content=\"972\" \/>\n\t<meta property=\"og:image:height\" content=\"384\" \/>\n\t<meta property=\"og:image:type\" content=\"image\/jpeg\" \/>\n<meta name=\"twitter:card\" content=\"summary_large_image\" \/>\n<script type=\"application\/ld+json\" class=\"yoast-schema-graph\">{\"@context\":\"https:\/\/schema.org\",\"@graph\":[{\"@type\":\"WebPage\",\"@id\":\"https:\/\/ncis.tn\/index.php\/solutions\/\",\"url\":\"https:\/\/ncis.tn\/index.php\/solutions\/\",\"name\":\"Nos Solutions - NCIS\",\"isPartOf\":{\"@id\":\"http:\/\/ncis.tn\/#website\"},\"primaryImageOfPage\":{\"@id\":\"https:\/\/ncis.tn\/index.php\/solutions\/#primaryimage\"},\"image\":{\"@id\":\"https:\/\/ncis.tn\/index.php\/solutions\/#primaryimage\"},\"thumbnailUrl\":\"https:\/\/ncis.tn\/wp-content\/uploads\/2017\/10\/network3.jpg\",\"datePublished\":\"2017-10-24T13:47:34+00:00\",\"dateModified\":\"2017-10-26T16:11:59+00:00\",\"breadcrumb\":{\"@id\":\"https:\/\/ncis.tn\/index.php\/solutions\/#breadcrumb\"},\"inLanguage\":\"fr-FR\",\"potentialAction\":[{\"@type\":\"ReadAction\",\"target\":[\"https:\/\/ncis.tn\/index.php\/solutions\/\"]}]},{\"@type\":\"ImageObject\",\"inLanguage\":\"fr-FR\",\"@id\":\"https:\/\/ncis.tn\/index.php\/solutions\/#primaryimage\",\"url\":\"https:\/\/ncis.tn\/wp-content\/uploads\/2017\/10\/network3.jpg\",\"contentUrl\":\"https:\/\/ncis.tn\/wp-content\/uploads\/2017\/10\/network3.jpg\",\"width\":972,\"height\":384},{\"@type\":\"BreadcrumbList\",\"@id\":\"https:\/\/ncis.tn\/index.php\/solutions\/#breadcrumb\",\"itemListElement\":[{\"@type\":\"ListItem\",\"position\":1,\"name\":\"Accueil\",\"item\":\"http:\/\/ncis.tn\/\"},{\"@type\":\"ListItem\",\"position\":2,\"name\":\"Nos Solutions\"}]},{\"@type\":\"WebSite\",\"@id\":\"http:\/\/ncis.tn\/#website\",\"url\":\"http:\/\/ncis.tn\/\",\"name\":\"NCIS\",\"description\":\"Think . Build . Connect\",\"publisher\":{\"@id\":\"http:\/\/ncis.tn\/#organization\"},\"potentialAction\":[{\"@type\":\"SearchAction\",\"target\":{\"@type\":\"EntryPoint\",\"urlTemplate\":\"http:\/\/ncis.tn\/?s={search_term_string}\"},\"query-input\":\"required name=search_term_string\"}],\"inLanguage\":\"fr-FR\"},{\"@type\":\"Organization\",\"@id\":\"http:\/\/ncis.tn\/#organization\",\"name\":\"NCIS Tunisie\",\"url\":\"http:\/\/ncis.tn\/\",\"logo\":{\"@type\":\"ImageObject\",\"inLanguage\":\"fr-FR\",\"@id\":\"http:\/\/ncis.tn\/#\/schema\/logo\/image\/\",\"url\":\"http:\/\/ncis.tn\/wp-content\/uploads\/2017\/10\/cropped-logo_2.png\",\"contentUrl\":\"http:\/\/ncis.tn\/wp-content\/uploads\/2017\/10\/cropped-logo_2.png\",\"width\":250,\"height\":250,\"caption\":\"NCIS Tunisie\"},\"image\":{\"@id\":\"http:\/\/ncis.tn\/#\/schema\/logo\/image\/\"},\"sameAs\":[\"https:\/\/www.facebook.com\/Network-and-Computer-Integration-Services-547099998717157\/\",\"https:\/\/www.linkedin.com\/company\/18313703\/\"]}]}<\/script>\n<!-- \/ Yoast SEO plugin. -->","yoast_head_json":{"title":"Nos Solutions - NCIS","robots":{"index":"index","follow":"follow","max-snippet":"max-snippet:-1","max-image-preview":"max-image-preview:large","max-video-preview":"max-video-preview:-1"},"canonical":"https:\/\/ncis.tn\/index.php\/solutions\/","og_locale":"fr_FR","og_type":"article","og_title":"Nos Solutions - NCIS","og_description":"Voici une pr\u00e9sentation des solutions que nous proposons, mais nos ing\u00e9nieurs peuvent aussi r\u00e9pondre \u00e0 un besoin sp\u00e9cifique : VOIP &#8211; WIFI &#8211; HOTSPOT \u00a0&#8211; RESEAU &#8211; CABLAGE VDI\u00a0 &#8211;\u00a0DOMOTIQUE","og_url":"https:\/\/ncis.tn\/index.php\/solutions\/","og_site_name":"NCIS","article_publisher":"https:\/\/www.facebook.com\/Network-and-Computer-Integration-Services-547099998717157\/","article_modified_time":"2017-10-26T16:11:59+00:00","og_image":[{"width":972,"height":384,"url":"https:\/\/ncis.tn\/wp-content\/uploads\/2017\/10\/network3.jpg","type":"image\/jpeg"}],"twitter_card":"summary_large_image","schema":{"@context":"https:\/\/schema.org","@graph":[{"@type":"WebPage","@id":"https:\/\/ncis.tn\/index.php\/solutions\/","url":"https:\/\/ncis.tn\/index.php\/solutions\/","name":"Nos Solutions - NCIS","isPartOf":{"@id":"http:\/\/ncis.tn\/#website"},"primaryImageOfPage":{"@id":"https:\/\/ncis.tn\/index.php\/solutions\/#primaryimage"},"image":{"@id":"https:\/\/ncis.tn\/index.php\/solutions\/#primaryimage"},"thumbnailUrl":"https:\/\/ncis.tn\/wp-content\/uploads\/2017\/10\/network3.jpg","datePublished":"2017-10-24T13:47:34+00:00","dateModified":"2017-10-26T16:11:59+00:00","breadcrumb":{"@id":"https:\/\/ncis.tn\/index.php\/solutions\/#breadcrumb"},"inLanguage":"fr-FR","potentialAction":[{"@type":"ReadAction","target":["https:\/\/ncis.tn\/index.php\/solutions\/"]}]},{"@type":"ImageObject","inLanguage":"fr-FR","@id":"https:\/\/ncis.tn\/index.php\/solutions\/#primaryimage","url":"https:\/\/ncis.tn\/wp-content\/uploads\/2017\/10\/network3.jpg","contentUrl":"https:\/\/ncis.tn\/wp-content\/uploads\/2017\/10\/network3.jpg","width":972,"height":384},{"@type":"BreadcrumbList","@id":"https:\/\/ncis.tn\/index.php\/solutions\/#breadcrumb","itemListElement":[{"@type":"ListItem","position":1,"name":"Accueil","item":"http:\/\/ncis.tn\/"},{"@type":"ListItem","position":2,"name":"Nos Solutions"}]},{"@type":"WebSite","@id":"http:\/\/ncis.tn\/#website","url":"http:\/\/ncis.tn\/","name":"NCIS","description":"Think . Build . Connect","publisher":{"@id":"http:\/\/ncis.tn\/#organization"},"potentialAction":[{"@type":"SearchAction","target":{"@type":"EntryPoint","urlTemplate":"http:\/\/ncis.tn\/?s={search_term_string}"},"query-input":"required name=search_term_string"}],"inLanguage":"fr-FR"},{"@type":"Organization","@id":"http:\/\/ncis.tn\/#organization","name":"NCIS Tunisie","url":"http:\/\/ncis.tn\/","logo":{"@type":"ImageObject","inLanguage":"fr-FR","@id":"http:\/\/ncis.tn\/#\/schema\/logo\/image\/","url":"http:\/\/ncis.tn\/wp-content\/uploads\/2017\/10\/cropped-logo_2.png","contentUrl":"http:\/\/ncis.tn\/wp-content\/uploads\/2017\/10\/cropped-logo_2.png","width":250,"height":250,"caption":"NCIS Tunisie"},"image":{"@id":"http:\/\/ncis.tn\/#\/schema\/logo\/image\/"},"sameAs":["https:\/\/www.facebook.com\/Network-and-Computer-Integration-Services-547099998717157\/","https:\/\/www.linkedin.com\/company\/18313703\/"]}]}},"_links":{"self":[{"href":"https:\/\/ncis.tn\/index.php\/wp-json\/wp\/v2\/pages\/18","targetHints":{"allow":["GET"]}}],"collection":[{"href":"https:\/\/ncis.tn\/index.php\/wp-json\/wp\/v2\/pages"}],"about":[{"href":"https:\/\/ncis.tn\/index.php\/wp-json\/wp\/v2\/types\/page"}],"author":[{"embeddable":true,"href":"https:\/\/ncis.tn\/index.php\/wp-json\/wp\/v2\/users\/1"}],"replies":[{"embeddable":true,"href":"https:\/\/ncis.tn\/index.php\/wp-json\/wp\/v2\/comments?post=18"}],"version-history":[{"count":14,"href":"https:\/\/ncis.tn\/index.php\/wp-json\/wp\/v2\/pages\/18\/revisions"}],"predecessor-version":[{"id":183,"href":"https:\/\/ncis.tn\/index.php\/wp-json\/wp\/v2\/pages\/18\/revisions\/183"}],"wp:featuredmedia":[{"embeddable":true,"href":"https:\/\/ncis.tn\/index.php\/wp-json\/wp\/v2\/media\/87"}],"wp:attachment":[{"href":"https:\/\/ncis.tn\/index.php\/wp-json\/wp\/v2\/media?parent=18"}],"curies":[{"name":"wp","href":"https:\/\/api.w.org\/{rel}","templated":true}]}}