{"id":17,"date":"2017-10-24T14:47:34","date_gmt":"2017-10-24T13:47:34","guid":{"rendered":"http:\/\/ncis.tn\/?page_id=17"},"modified":"2019-10-05T12:27:19","modified_gmt":"2019-10-05T11:27:19","slug":"accueil","status":"publish","type":"page","link":"https:\/\/ncis.tn\/","title":{"rendered":"Accueil"},"content":{"rendered":"<p><strong><span style=\"color: #3366ff;\">NCIS<\/span><\/strong> &#8211; Network and Computer Integration Services ,\u00a0 est une entreprise Tunisienne cr\u00e9\u00e9e en 2010 . Le ma\u00eetre mot de notre entreprise est l&rsquo;<strong>innovation. <\/strong>Tous les jours,<strong>\u00a0<\/strong>nos ing\u00e9nieurs sont \u00e0 la recherche de solutions innovantes Open-source ou Propri\u00e9taires , pour vous proposer les meilleures r\u00e9ponses \u00e0 vos besoins!<\/p>\n<p>NCIS est agr\u00e9ment\u00e9e par l&rsquo;\u00e9tat Tunisien , niveau 2,\u00a0 TD2 -TR2-TF2 . Nous sommes partenaire Open alliance &#8211; Cisco SMB .<\/p>\n<p>NCIS est certif\u00e9e UEWA et distributeur de la marque <a href=\"https:\/\/www.ui.com\/\">Ubiquiti Unifi<\/a> en Tunisie.<\/p>\n<p><img loading=\"lazy\" decoding=\"async\" class=\"wp-image-212 aligncenter\" src=\"http:\/\/ncis.tn\/wp-content\/uploads\/2019\/10\/uewa1.jpg\" alt=\"\" width=\"301\" height=\"181\" srcset=\"https:\/\/ncis.tn\/wp-content\/uploads\/2019\/10\/uewa1.jpg 1000w, https:\/\/ncis.tn\/wp-content\/uploads\/2019\/10\/uewa1-300x180.jpg 300w, https:\/\/ncis.tn\/wp-content\/uploads\/2019\/10\/uewa1-768x462.jpg 768w\" sizes=\"auto, (max-width: 301px) 100vw, 301px\" \/><\/p>\n<p>Avec NCIS vous aurez \u00e0 faire \u00e0 des ing\u00e9nieurs certifi\u00e9s dans leur domaine de comp\u00e9tence.<\/p>\n","protected":false},"excerpt":{"rendered":"<p>NCIS &#8211; Network and Computer Integration Services ,\u00a0 est une entreprise Tunisienne cr\u00e9\u00e9e en 2010 . Le ma\u00eetre mot de notre entreprise est l&rsquo;innovation. Tous les jours,\u00a0nos ing\u00e9nieurs sont \u00e0 la recherche de solutions innovantes Open-source ou Propri\u00e9taires , pour vous proposer les meilleures r\u00e9ponses \u00e0 vos besoins! NCIS est agr\u00e9ment\u00e9e par l&rsquo;\u00e9tat Tunisien , &hellip; <\/p>\n<p class=\"link-more\"><a href=\"https:\/\/ncis.tn\/\" class=\"more-link\">Continuer la lecture<span class=\"screen-reader-text\"> de &laquo;&nbsp;Accueil&nbsp;&raquo;<\/span><\/a><\/p>\n","protected":false},"author":1,"featured_media":0,"parent":0,"menu_order":0,"comment_status":"closed","ping_status":"closed","template":"","meta":{"om_disable_all_campaigns":false,"_monsterinsights_skip_tracking":false,"_monsterinsights_sitenote_active":false,"_monsterinsights_sitenote_note":"","_monsterinsights_sitenote_category":0,"_uf_show_specific_survey":0,"_uf_disable_surveys":false,"footnotes":""},"class_list":["post-17","page","type-page","status-publish","hentry"],"yoast_head":"<!-- This site is optimized with the Yoast SEO plugin v22.4 - https:\/\/yoast.com\/wordpress\/plugins\/seo\/ -->\n<title>Accueil - NCIS<\/title>\n<meta name=\"description\" content=\"Network and Computer Integration Service- Think Build Connect - Integrateur r\u00e9seau et syst\u00e8me et distributeur Ubiquti Unifi en Tunisie. Partenaire Cisco SMB\" \/>\n<meta name=\"robots\" content=\"index, follow, max-snippet:-1, max-image-preview:large, max-video-preview:-1\" \/>\n<link rel=\"canonical\" href=\"http:\/\/ncis.tn\/\" \/>\n<meta property=\"og:locale\" content=\"fr_FR\" \/>\n<meta property=\"og:type\" content=\"article\" \/>\n<meta property=\"og:title\" content=\"Accueil - NCIS\" \/>\n<meta property=\"og:description\" content=\"Network and Computer Integration Service- Think Build Connect - Integrateur r\u00e9seau et syst\u00e8me et distributeur Ubiquti Unifi en Tunisie. Partenaire Cisco SMB\" \/>\n<meta property=\"og:url\" content=\"http:\/\/ncis.tn\/\" \/>\n<meta property=\"og:site_name\" content=\"NCIS\" \/>\n<meta property=\"article:publisher\" content=\"https:\/\/www.facebook.com\/Network-and-Computer-Integration-Services-547099998717157\/\" \/>\n<meta property=\"article:modified_time\" content=\"2019-10-05T11:27:19+00:00\" \/>\n<meta property=\"og:image\" content=\"http:\/\/ncis.tn\/wp-content\/uploads\/2019\/10\/uewa1.jpg\" \/>\n<meta name=\"twitter:card\" content=\"summary_large_image\" \/>\n<script type=\"application\/ld+json\" class=\"yoast-schema-graph\">{\"@context\":\"https:\/\/schema.org\",\"@graph\":[{\"@type\":\"WebPage\",\"@id\":\"http:\/\/ncis.tn\/\",\"url\":\"http:\/\/ncis.tn\/\",\"name\":\"Accueil - NCIS\",\"isPartOf\":{\"@id\":\"http:\/\/ncis.tn\/#website\"},\"primaryImageOfPage\":{\"@id\":\"http:\/\/ncis.tn\/#primaryimage\"},\"image\":{\"@id\":\"http:\/\/ncis.tn\/#primaryimage\"},\"thumbnailUrl\":\"http:\/\/ncis.tn\/wp-content\/uploads\/2019\/10\/uewa1.jpg\",\"datePublished\":\"2017-10-24T13:47:34+00:00\",\"dateModified\":\"2019-10-05T11:27:19+00:00\",\"description\":\"Network and Computer Integration Service- Think Build Connect - Integrateur r\u00e9seau et syst\u00e8me et distributeur Ubiquti Unifi en Tunisie. Partenaire Cisco SMB\",\"breadcrumb\":{\"@id\":\"http:\/\/ncis.tn\/#breadcrumb\"},\"inLanguage\":\"fr-FR\",\"potentialAction\":[{\"@type\":\"ReadAction\",\"target\":[\"http:\/\/ncis.tn\/\"]}]},{\"@type\":\"ImageObject\",\"inLanguage\":\"fr-FR\",\"@id\":\"http:\/\/ncis.tn\/#primaryimage\",\"url\":\"https:\/\/ncis.tn\/wp-content\/uploads\/2019\/10\/uewa1.jpg\",\"contentUrl\":\"https:\/\/ncis.tn\/wp-content\/uploads\/2019\/10\/uewa1.jpg\",\"width\":1000,\"height\":601},{\"@type\":\"BreadcrumbList\",\"@id\":\"http:\/\/ncis.tn\/#breadcrumb\",\"itemListElement\":[{\"@type\":\"ListItem\",\"position\":1,\"name\":\"Accueil\",\"item\":\"http:\/\/ncis.tn\/\"},{\"@type\":\"ListItem\",\"position\":2,\"name\":\"Accueil\"}]},{\"@type\":\"WebSite\",\"@id\":\"http:\/\/ncis.tn\/#website\",\"url\":\"http:\/\/ncis.tn\/\",\"name\":\"NCIS\",\"description\":\"Think . Build . Connect\",\"publisher\":{\"@id\":\"http:\/\/ncis.tn\/#organization\"},\"potentialAction\":[{\"@type\":\"SearchAction\",\"target\":{\"@type\":\"EntryPoint\",\"urlTemplate\":\"http:\/\/ncis.tn\/?s={search_term_string}\"},\"query-input\":\"required name=search_term_string\"}],\"inLanguage\":\"fr-FR\"},{\"@type\":\"Organization\",\"@id\":\"http:\/\/ncis.tn\/#organization\",\"name\":\"NCIS Tunisie\",\"url\":\"http:\/\/ncis.tn\/\",\"logo\":{\"@type\":\"ImageObject\",\"inLanguage\":\"fr-FR\",\"@id\":\"http:\/\/ncis.tn\/#\/schema\/logo\/image\/\",\"url\":\"http:\/\/ncis.tn\/wp-content\/uploads\/2017\/10\/cropped-logo_2.png\",\"contentUrl\":\"http:\/\/ncis.tn\/wp-content\/uploads\/2017\/10\/cropped-logo_2.png\",\"width\":250,\"height\":250,\"caption\":\"NCIS Tunisie\"},\"image\":{\"@id\":\"http:\/\/ncis.tn\/#\/schema\/logo\/image\/\"},\"sameAs\":[\"https:\/\/www.facebook.com\/Network-and-Computer-Integration-Services-547099998717157\/\",\"https:\/\/www.linkedin.com\/company\/18313703\/\"]}]}<\/script>\n<!-- \/ Yoast SEO plugin. -->","yoast_head_json":{"title":"Accueil - NCIS","description":"Network and Computer Integration Service- Think Build Connect - Integrateur r\u00e9seau et syst\u00e8me et distributeur Ubiquti Unifi en Tunisie. Partenaire Cisco SMB","robots":{"index":"index","follow":"follow","max-snippet":"max-snippet:-1","max-image-preview":"max-image-preview:large","max-video-preview":"max-video-preview:-1"},"canonical":"http:\/\/ncis.tn\/","og_locale":"fr_FR","og_type":"article","og_title":"Accueil - NCIS","og_description":"Network and Computer Integration Service- Think Build Connect - Integrateur r\u00e9seau et syst\u00e8me et distributeur Ubiquti Unifi en Tunisie. Partenaire Cisco SMB","og_url":"http:\/\/ncis.tn\/","og_site_name":"NCIS","article_publisher":"https:\/\/www.facebook.com\/Network-and-Computer-Integration-Services-547099998717157\/","article_modified_time":"2019-10-05T11:27:19+00:00","og_image":[{"url":"http:\/\/ncis.tn\/wp-content\/uploads\/2019\/10\/uewa1.jpg"}],"twitter_card":"summary_large_image","schema":{"@context":"https:\/\/schema.org","@graph":[{"@type":"WebPage","@id":"http:\/\/ncis.tn\/","url":"http:\/\/ncis.tn\/","name":"Accueil - NCIS","isPartOf":{"@id":"http:\/\/ncis.tn\/#website"},"primaryImageOfPage":{"@id":"http:\/\/ncis.tn\/#primaryimage"},"image":{"@id":"http:\/\/ncis.tn\/#primaryimage"},"thumbnailUrl":"http:\/\/ncis.tn\/wp-content\/uploads\/2019\/10\/uewa1.jpg","datePublished":"2017-10-24T13:47:34+00:00","dateModified":"2019-10-05T11:27:19+00:00","description":"Network and Computer Integration Service- Think Build Connect - Integrateur r\u00e9seau et syst\u00e8me et distributeur Ubiquti Unifi en Tunisie. Partenaire Cisco SMB","breadcrumb":{"@id":"http:\/\/ncis.tn\/#breadcrumb"},"inLanguage":"fr-FR","potentialAction":[{"@type":"ReadAction","target":["http:\/\/ncis.tn\/"]}]},{"@type":"ImageObject","inLanguage":"fr-FR","@id":"http:\/\/ncis.tn\/#primaryimage","url":"https:\/\/ncis.tn\/wp-content\/uploads\/2019\/10\/uewa1.jpg","contentUrl":"https:\/\/ncis.tn\/wp-content\/uploads\/2019\/10\/uewa1.jpg","width":1000,"height":601},{"@type":"BreadcrumbList","@id":"http:\/\/ncis.tn\/#breadcrumb","itemListElement":[{"@type":"ListItem","position":1,"name":"Accueil","item":"http:\/\/ncis.tn\/"},{"@type":"ListItem","position":2,"name":"Accueil"}]},{"@type":"WebSite","@id":"http:\/\/ncis.tn\/#website","url":"http:\/\/ncis.tn\/","name":"NCIS","description":"Think . Build . Connect","publisher":{"@id":"http:\/\/ncis.tn\/#organization"},"potentialAction":[{"@type":"SearchAction","target":{"@type":"EntryPoint","urlTemplate":"http:\/\/ncis.tn\/?s={search_term_string}"},"query-input":"required name=search_term_string"}],"inLanguage":"fr-FR"},{"@type":"Organization","@id":"http:\/\/ncis.tn\/#organization","name":"NCIS Tunisie","url":"http:\/\/ncis.tn\/","logo":{"@type":"ImageObject","inLanguage":"fr-FR","@id":"http:\/\/ncis.tn\/#\/schema\/logo\/image\/","url":"http:\/\/ncis.tn\/wp-content\/uploads\/2017\/10\/cropped-logo_2.png","contentUrl":"http:\/\/ncis.tn\/wp-content\/uploads\/2017\/10\/cropped-logo_2.png","width":250,"height":250,"caption":"NCIS Tunisie"},"image":{"@id":"http:\/\/ncis.tn\/#\/schema\/logo\/image\/"},"sameAs":["https:\/\/www.facebook.com\/Network-and-Computer-Integration-Services-547099998717157\/","https:\/\/www.linkedin.com\/company\/18313703\/"]}]}},"_links":{"self":[{"href":"https:\/\/ncis.tn\/index.php\/wp-json\/wp\/v2\/pages\/17","targetHints":{"allow":["GET"]}}],"collection":[{"href":"https:\/\/ncis.tn\/index.php\/wp-json\/wp\/v2\/pages"}],"about":[{"href":"https:\/\/ncis.tn\/index.php\/wp-json\/wp\/v2\/types\/page"}],"author":[{"embeddable":true,"href":"https:\/\/ncis.tn\/index.php\/wp-json\/wp\/v2\/users\/1"}],"replies":[{"embeddable":true,"href":"https:\/\/ncis.tn\/index.php\/wp-json\/wp\/v2\/comments?post=17"}],"version-history":[{"count":8,"href":"https:\/\/ncis.tn\/index.php\/wp-json\/wp\/v2\/pages\/17\/revisions"}],"predecessor-version":[{"id":216,"href":"https:\/\/ncis.tn\/index.php\/wp-json\/wp\/v2\/pages\/17\/revisions\/216"}],"wp:attachment":[{"href":"https:\/\/ncis.tn\/index.php\/wp-json\/wp\/v2\/media?parent=17"}],"curies":[{"name":"wp","href":"https:\/\/api.w.org\/{rel}","templated":true}]}}