{"id":163,"date":"2017-10-26T16:23:47","date_gmt":"2017-10-26T15:23:47","guid":{"rendered":"http:\/\/ncis.tn\/?page_id=163"},"modified":"2017-12-21T19:38:52","modified_gmt":"2017-12-21T18:38:52","slug":"cablage-vdi","status":"publish","type":"page","link":"https:\/\/ncis.tn\/index.php\/cablage-vdi\/","title":{"rendered":"C\u00e2blage VDI"},"content":{"rendered":"<p>Le\u00a0<strong>c\u00e2blage r\u00e9seau<\/strong>\u00a0ou\u00a0<strong>c\u00e2blage VDI<\/strong>\u00a0(Voix-Donn\u00e9es-Images) est consid\u00e9r\u00e9 comme le c\u0153ur fondamental pour le bon fonctionnement d&rsquo;un r\u00e9seau informatique.\u00a0 Vous pourrez d\u00e9ployer les derni\u00e8res technologie sur votre r\u00e9seau, cela ne fonctionnera pas correctement si votre r\u00e9seau n&rsquo;est pas r\u00e9alis\u00e9 suivant les nornes et les bonnes pratiques en vigueur.<\/p>\n<p><img loading=\"lazy\" decoding=\"async\" class=\"size-full wp-image-164 aligncenter\" src=\"http:\/\/ncis.tn\/wp-content\/uploads\/2017\/10\/cabling.jpg\" alt=\"\" width=\"1100\" height=\"885\" srcset=\"https:\/\/ncis.tn\/wp-content\/uploads\/2017\/10\/cabling.jpg 1100w, https:\/\/ncis.tn\/wp-content\/uploads\/2017\/10\/cabling-300x241.jpg 300w, https:\/\/ncis.tn\/wp-content\/uploads\/2017\/10\/cabling-768x618.jpg 768w, https:\/\/ncis.tn\/wp-content\/uploads\/2017\/10\/cabling-1024x824.jpg 1024w\" sizes=\"auto, (max-width: 767px) 89vw, (max-width: 1000px) 54vw, (max-width: 1071px) 543px, 580px\" \/><\/p>\n<p><em><strong>NOS SERVICES :<\/strong><\/em><\/p>\n<ul>\n<li><span style=\"font-size: 1rem;\">\u00c9tude de vos besoins et de vos installations actuelles<\/span><\/li>\n<li>Devis gratuit et offre d\u00e9taill\u00e9e<\/li>\n<li>D\u00e9ploiement, installation, passage des c\u00e2bles et tests<\/li>\n<li>Maintenance et S.A.V<\/li>\n<\/ul>\n<p><em><strong>VOS AVANTAGES :<\/strong><\/em><\/p>\n<ul>\n<li>Une \u00e9quipe technique qualifi\u00e9e pour l&rsquo;int\u00e9gration r\u00e9seau et le c\u00e2blage<\/li>\n<li>B\u00e9n\u00e9ficiez d&rsquo;une efficacit\u00e9 et d&rsquo;une rapidit\u00e9 d&rsquo;ex\u00e9cution des interventions<\/li>\n<li>Un seul interlocuteur pour vous accompagner tout au long de votre projet<\/li>\n<\/ul>\n","protected":false},"excerpt":{"rendered":"<p>Le\u00a0c\u00e2blage r\u00e9seau\u00a0ou\u00a0c\u00e2blage VDI\u00a0(Voix-Donn\u00e9es-Images) est consid\u00e9r\u00e9 comme le c\u0153ur fondamental pour le bon fonctionnement d&rsquo;un r\u00e9seau informatique.\u00a0 Vous pourrez d\u00e9ployer les derni\u00e8res technologie sur votre r\u00e9seau, cela ne fonctionnera pas correctement si votre r\u00e9seau n&rsquo;est pas r\u00e9alis\u00e9 suivant les nornes et les bonnes pratiques en vigueur. NOS SERVICES : \u00c9tude de vos besoins et de vos &hellip; <\/p>\n<p class=\"link-more\"><a href=\"https:\/\/ncis.tn\/index.php\/cablage-vdi\/\" class=\"more-link\">Continuer la lecture<span class=\"screen-reader-text\"> de &laquo;&nbsp;C\u00e2blage VDI&nbsp;&raquo;<\/span><\/a><\/p>\n","protected":false},"author":1,"featured_media":0,"parent":0,"menu_order":0,"comment_status":"closed","ping_status":"closed","template":"","meta":{"om_disable_all_campaigns":false,"_monsterinsights_skip_tracking":false,"_monsterinsights_sitenote_active":false,"_monsterinsights_sitenote_note":"","_monsterinsights_sitenote_category":0,"_uf_show_specific_survey":0,"_uf_disable_surveys":false,"footnotes":""},"class_list":["post-163","page","type-page","status-publish","hentry"],"yoast_head":"<!-- This site is optimized with the Yoast SEO plugin v22.4 - https:\/\/yoast.com\/wordpress\/plugins\/seo\/ -->\n<title>C\u00e2blage VDI - NCIS<\/title>\n<meta name=\"robots\" content=\"index, follow, max-snippet:-1, max-image-preview:large, max-video-preview:-1\" \/>\n<link rel=\"canonical\" href=\"https:\/\/ncis.tn\/index.php\/cablage-vdi\/\" \/>\n<meta property=\"og:locale\" content=\"fr_FR\" \/>\n<meta property=\"og:type\" content=\"article\" \/>\n<meta property=\"og:title\" content=\"C\u00e2blage VDI - NCIS\" \/>\n<meta property=\"og:description\" content=\"Le\u00a0c\u00e2blage r\u00e9seau\u00a0ou\u00a0c\u00e2blage VDI\u00a0(Voix-Donn\u00e9es-Images) est consid\u00e9r\u00e9 comme le c\u0153ur fondamental pour le bon fonctionnement d&rsquo;un r\u00e9seau informatique.\u00a0 Vous pourrez d\u00e9ployer les derni\u00e8res technologie sur votre r\u00e9seau, cela ne fonctionnera pas correctement si votre r\u00e9seau n&rsquo;est pas r\u00e9alis\u00e9 suivant les nornes et les bonnes pratiques en vigueur. NOS SERVICES : \u00c9tude de vos besoins et de vos &hellip; Continuer la lecture de &laquo;&nbsp;C\u00e2blage VDI&nbsp;&raquo;\" \/>\n<meta property=\"og:url\" content=\"https:\/\/ncis.tn\/index.php\/cablage-vdi\/\" \/>\n<meta property=\"og:site_name\" content=\"NCIS\" \/>\n<meta property=\"article:publisher\" content=\"https:\/\/www.facebook.com\/Network-and-Computer-Integration-Services-547099998717157\/\" \/>\n<meta property=\"article:modified_time\" content=\"2017-12-21T18:38:52+00:00\" \/>\n<meta property=\"og:image\" content=\"http:\/\/ncis.tn\/wp-content\/uploads\/2017\/10\/cabling.jpg\" \/>\n<meta name=\"twitter:card\" content=\"summary_large_image\" \/>\n<meta name=\"twitter:label1\" content=\"Dur\u00e9e de lecture estim\u00e9e\" \/>\n\t<meta name=\"twitter:data1\" content=\"1 minute\" \/>\n<script type=\"application\/ld+json\" class=\"yoast-schema-graph\">{\"@context\":\"https:\/\/schema.org\",\"@graph\":[{\"@type\":\"WebPage\",\"@id\":\"https:\/\/ncis.tn\/index.php\/cablage-vdi\/\",\"url\":\"https:\/\/ncis.tn\/index.php\/cablage-vdi\/\",\"name\":\"C\u00e2blage VDI - NCIS\",\"isPartOf\":{\"@id\":\"http:\/\/ncis.tn\/#website\"},\"primaryImageOfPage\":{\"@id\":\"https:\/\/ncis.tn\/index.php\/cablage-vdi\/#primaryimage\"},\"image\":{\"@id\":\"https:\/\/ncis.tn\/index.php\/cablage-vdi\/#primaryimage\"},\"thumbnailUrl\":\"http:\/\/ncis.tn\/wp-content\/uploads\/2017\/10\/cabling.jpg\",\"datePublished\":\"2017-10-26T15:23:47+00:00\",\"dateModified\":\"2017-12-21T18:38:52+00:00\",\"breadcrumb\":{\"@id\":\"https:\/\/ncis.tn\/index.php\/cablage-vdi\/#breadcrumb\"},\"inLanguage\":\"fr-FR\",\"potentialAction\":[{\"@type\":\"ReadAction\",\"target\":[\"https:\/\/ncis.tn\/index.php\/cablage-vdi\/\"]}]},{\"@type\":\"ImageObject\",\"inLanguage\":\"fr-FR\",\"@id\":\"https:\/\/ncis.tn\/index.php\/cablage-vdi\/#primaryimage\",\"url\":\"https:\/\/ncis.tn\/wp-content\/uploads\/2017\/10\/cabling.jpg\",\"contentUrl\":\"https:\/\/ncis.tn\/wp-content\/uploads\/2017\/10\/cabling.jpg\",\"width\":1100,\"height\":885},{\"@type\":\"BreadcrumbList\",\"@id\":\"https:\/\/ncis.tn\/index.php\/cablage-vdi\/#breadcrumb\",\"itemListElement\":[{\"@type\":\"ListItem\",\"position\":1,\"name\":\"Accueil\",\"item\":\"http:\/\/ncis.tn\/\"},{\"@type\":\"ListItem\",\"position\":2,\"name\":\"C\u00e2blage VDI\"}]},{\"@type\":\"WebSite\",\"@id\":\"http:\/\/ncis.tn\/#website\",\"url\":\"http:\/\/ncis.tn\/\",\"name\":\"NCIS\",\"description\":\"Think . Build . Connect\",\"publisher\":{\"@id\":\"http:\/\/ncis.tn\/#organization\"},\"potentialAction\":[{\"@type\":\"SearchAction\",\"target\":{\"@type\":\"EntryPoint\",\"urlTemplate\":\"http:\/\/ncis.tn\/?s={search_term_string}\"},\"query-input\":\"required name=search_term_string\"}],\"inLanguage\":\"fr-FR\"},{\"@type\":\"Organization\",\"@id\":\"http:\/\/ncis.tn\/#organization\",\"name\":\"NCIS Tunisie\",\"url\":\"http:\/\/ncis.tn\/\",\"logo\":{\"@type\":\"ImageObject\",\"inLanguage\":\"fr-FR\",\"@id\":\"http:\/\/ncis.tn\/#\/schema\/logo\/image\/\",\"url\":\"http:\/\/ncis.tn\/wp-content\/uploads\/2017\/10\/cropped-logo_2.png\",\"contentUrl\":\"http:\/\/ncis.tn\/wp-content\/uploads\/2017\/10\/cropped-logo_2.png\",\"width\":250,\"height\":250,\"caption\":\"NCIS Tunisie\"},\"image\":{\"@id\":\"http:\/\/ncis.tn\/#\/schema\/logo\/image\/\"},\"sameAs\":[\"https:\/\/www.facebook.com\/Network-and-Computer-Integration-Services-547099998717157\/\",\"https:\/\/www.linkedin.com\/company\/18313703\/\"]}]}<\/script>\n<!-- \/ Yoast SEO plugin. -->","yoast_head_json":{"title":"C\u00e2blage VDI - NCIS","robots":{"index":"index","follow":"follow","max-snippet":"max-snippet:-1","max-image-preview":"max-image-preview:large","max-video-preview":"max-video-preview:-1"},"canonical":"https:\/\/ncis.tn\/index.php\/cablage-vdi\/","og_locale":"fr_FR","og_type":"article","og_title":"C\u00e2blage VDI - NCIS","og_description":"Le\u00a0c\u00e2blage r\u00e9seau\u00a0ou\u00a0c\u00e2blage VDI\u00a0(Voix-Donn\u00e9es-Images) est consid\u00e9r\u00e9 comme le c\u0153ur fondamental pour le bon fonctionnement d&rsquo;un r\u00e9seau informatique.\u00a0 Vous pourrez d\u00e9ployer les derni\u00e8res technologie sur votre r\u00e9seau, cela ne fonctionnera pas correctement si votre r\u00e9seau n&rsquo;est pas r\u00e9alis\u00e9 suivant les nornes et les bonnes pratiques en vigueur. NOS SERVICES : \u00c9tude de vos besoins et de vos &hellip; Continuer la lecture de &laquo;&nbsp;C\u00e2blage VDI&nbsp;&raquo;","og_url":"https:\/\/ncis.tn\/index.php\/cablage-vdi\/","og_site_name":"NCIS","article_publisher":"https:\/\/www.facebook.com\/Network-and-Computer-Integration-Services-547099998717157\/","article_modified_time":"2017-12-21T18:38:52+00:00","og_image":[{"url":"http:\/\/ncis.tn\/wp-content\/uploads\/2017\/10\/cabling.jpg"}],"twitter_card":"summary_large_image","twitter_misc":{"Dur\u00e9e de lecture estim\u00e9e":"1 minute"},"schema":{"@context":"https:\/\/schema.org","@graph":[{"@type":"WebPage","@id":"https:\/\/ncis.tn\/index.php\/cablage-vdi\/","url":"https:\/\/ncis.tn\/index.php\/cablage-vdi\/","name":"C\u00e2blage VDI - NCIS","isPartOf":{"@id":"http:\/\/ncis.tn\/#website"},"primaryImageOfPage":{"@id":"https:\/\/ncis.tn\/index.php\/cablage-vdi\/#primaryimage"},"image":{"@id":"https:\/\/ncis.tn\/index.php\/cablage-vdi\/#primaryimage"},"thumbnailUrl":"http:\/\/ncis.tn\/wp-content\/uploads\/2017\/10\/cabling.jpg","datePublished":"2017-10-26T15:23:47+00:00","dateModified":"2017-12-21T18:38:52+00:00","breadcrumb":{"@id":"https:\/\/ncis.tn\/index.php\/cablage-vdi\/#breadcrumb"},"inLanguage":"fr-FR","potentialAction":[{"@type":"ReadAction","target":["https:\/\/ncis.tn\/index.php\/cablage-vdi\/"]}]},{"@type":"ImageObject","inLanguage":"fr-FR","@id":"https:\/\/ncis.tn\/index.php\/cablage-vdi\/#primaryimage","url":"https:\/\/ncis.tn\/wp-content\/uploads\/2017\/10\/cabling.jpg","contentUrl":"https:\/\/ncis.tn\/wp-content\/uploads\/2017\/10\/cabling.jpg","width":1100,"height":885},{"@type":"BreadcrumbList","@id":"https:\/\/ncis.tn\/index.php\/cablage-vdi\/#breadcrumb","itemListElement":[{"@type":"ListItem","position":1,"name":"Accueil","item":"http:\/\/ncis.tn\/"},{"@type":"ListItem","position":2,"name":"C\u00e2blage VDI"}]},{"@type":"WebSite","@id":"http:\/\/ncis.tn\/#website","url":"http:\/\/ncis.tn\/","name":"NCIS","description":"Think . Build . Connect","publisher":{"@id":"http:\/\/ncis.tn\/#organization"},"potentialAction":[{"@type":"SearchAction","target":{"@type":"EntryPoint","urlTemplate":"http:\/\/ncis.tn\/?s={search_term_string}"},"query-input":"required name=search_term_string"}],"inLanguage":"fr-FR"},{"@type":"Organization","@id":"http:\/\/ncis.tn\/#organization","name":"NCIS Tunisie","url":"http:\/\/ncis.tn\/","logo":{"@type":"ImageObject","inLanguage":"fr-FR","@id":"http:\/\/ncis.tn\/#\/schema\/logo\/image\/","url":"http:\/\/ncis.tn\/wp-content\/uploads\/2017\/10\/cropped-logo_2.png","contentUrl":"http:\/\/ncis.tn\/wp-content\/uploads\/2017\/10\/cropped-logo_2.png","width":250,"height":250,"caption":"NCIS Tunisie"},"image":{"@id":"http:\/\/ncis.tn\/#\/schema\/logo\/image\/"},"sameAs":["https:\/\/www.facebook.com\/Network-and-Computer-Integration-Services-547099998717157\/","https:\/\/www.linkedin.com\/company\/18313703\/"]}]}},"_links":{"self":[{"href":"https:\/\/ncis.tn\/index.php\/wp-json\/wp\/v2\/pages\/163","targetHints":{"allow":["GET"]}}],"collection":[{"href":"https:\/\/ncis.tn\/index.php\/wp-json\/wp\/v2\/pages"}],"about":[{"href":"https:\/\/ncis.tn\/index.php\/wp-json\/wp\/v2\/types\/page"}],"author":[{"embeddable":true,"href":"https:\/\/ncis.tn\/index.php\/wp-json\/wp\/v2\/users\/1"}],"replies":[{"embeddable":true,"href":"https:\/\/ncis.tn\/index.php\/wp-json\/wp\/v2\/comments?post=163"}],"version-history":[{"count":2,"href":"https:\/\/ncis.tn\/index.php\/wp-json\/wp\/v2\/pages\/163\/revisions"}],"predecessor-version":[{"id":190,"href":"https:\/\/ncis.tn\/index.php\/wp-json\/wp\/v2\/pages\/163\/revisions\/190"}],"wp:attachment":[{"href":"https:\/\/ncis.tn\/index.php\/wp-json\/wp\/v2\/media?parent=163"}],"curies":[{"name":"wp","href":"https:\/\/api.w.org\/{rel}","templated":true}]}}