{"id":103,"date":"2017-10-24T20:09:34","date_gmt":"2017-10-24T19:09:34","guid":{"rendered":"http:\/\/ncis.tn\/?page_id=103"},"modified":"2017-10-30T08:47:30","modified_gmt":"2017-10-30T07:47:30","slug":"solution-hotspot","status":"publish","type":"page","link":"https:\/\/ncis.tn\/index.php\/solution-hotspot\/","title":{"rendered":"Solution Hotspot"},"content":{"rendered":"<p><strong>INTERCEPT<\/strong> &#8211; c&rsquo;est le nom choisi pour notre solution de portail captif ou hotspot destin\u00e9e au secteur h\u00f4telier et aux commerces .<\/p>\n<div id=\"metaslider-id-148\" style=\"max-width: 700px;\" class=\"ml-slider-3-70-2 metaslider metaslider-flex metaslider-148 ml-slider ms-theme-default\" role=\"region\" aria-roledescription=\"Slideshow\" aria-label=\"intercept\">\n    <div id=\"metaslider_container_148\">\n        <div id=\"metaslider_148\">\n            <ul aria-live=\"polite\" class=\"slides\">\n                <li style=\"display: block; width: 100%;\" class=\"slide-149 ms-image \" aria-roledescription=\"slide\" aria-label=\"slide-149\"><img loading=\"lazy\" decoding=\"async\" src=\"https:\/\/ncis.tn\/wp-content\/uploads\/2017\/10\/intercept01-700x300.jpg\" height=\"300\" width=\"700\" alt=\"\" class=\"slider-148 slide-149\" \/><\/li>\n                <li style=\"display: none; width: 100%;\" class=\"slide-150 ms-image \" aria-roledescription=\"slide\" aria-label=\"slide-150\"><img loading=\"lazy\" decoding=\"async\" src=\"https:\/\/ncis.tn\/wp-content\/uploads\/2017\/10\/intercept02-700x300.jpg\" height=\"300\" width=\"700\" alt=\"\" class=\"slider-148 slide-150\" \/><\/li>\n                <li style=\"display: none; width: 100%;\" class=\"slide-151 ms-image \" aria-roledescription=\"slide\" aria-label=\"slide-151\"><img loading=\"lazy\" decoding=\"async\" src=\"https:\/\/ncis.tn\/wp-content\/uploads\/2017\/10\/intercept03-700x300.jpg\" height=\"300\" width=\"700\" alt=\"\" class=\"slider-148 slide-151\" \/><\/li>\n                <li style=\"display: none; width: 100%;\" class=\"slide-152 ms-image \" aria-roledescription=\"slide\" aria-label=\"slide-152\"><img loading=\"lazy\" decoding=\"async\" src=\"https:\/\/ncis.tn\/wp-content\/uploads\/2017\/10\/intercept04-700x300.jpg\" height=\"300\" width=\"700\" alt=\"\" class=\"slider-148 slide-152\" \/><\/li>\n            <\/ul>\n        <\/div>\n        \n    <\/div>\n<\/div>\n<p><strong><em>Tra\u00e7abilit\u00e9 &amp; communication cibl\u00e9e:<\/em>\u00a0 <\/strong>en quelques clics, vous pouvez consulter la fiche d&rsquo;un client, si c&rsquo;est un client fid\u00e8le par exemple, et lui envoyer une communication ou une publicit\u00e9 cibl\u00e9e sur son Email.<\/p>\n<p><em><strong>S\u00e9curit\u00e9 :<\/strong> <\/em>Avec INTERCEPT\u00a0 vous n&rsquo;aurez plus d&rsquo;intrus sur votre r\u00e9seau WIFI\u00a0 ! chaque acc\u00e8s est identifi\u00e9 selon son statu : Client, invit\u00e9 ou employ\u00e9 de l&rsquo;h\u00f4tel ou du commerce.<\/p>\n<p><em><strong>Interfa\u00e7able PMS : <\/strong><\/em>Notre solution communique avec pratiquement tous les logiciels de gestion h\u00f4teli\u00e8re\u00a0tel que Fid\u00e9lio, Op\u00e9ra ou Hotix . Cela permet au syst\u00e8me par exemple de ne donner l\u2019acc\u00e8s au WIFI uniquement pendant la dur\u00e9e de son s\u00e9jour et de lui envoy\u00e9 un message personnalis\u00e9 si c&rsquo;est un revenant.<\/p>\n<p><em><strong>Consommez Tunisien!\u00a0 :<\/strong><\/em> Notre solution est 100% Tunisienne et d\u00e9velopp\u00e9e au sein de NCIS. Outre un support rapide et un co\u00fbt r\u00e9duit, nous pouvons d\u00e9velopper des modules sp\u00e9cifiques \u00e0 chaque besoin et personnaliser l&rsquo;interface \u00e0 votre convenance.<\/p>\n","protected":false},"excerpt":{"rendered":"<p>INTERCEPT &#8211; c&rsquo;est le nom choisi pour notre solution de portail captif ou hotspot destin\u00e9e au secteur h\u00f4telier et aux commerces . Tra\u00e7abilit\u00e9 &amp; communication cibl\u00e9e:\u00a0 en quelques clics, vous pouvez consulter la fiche d&rsquo;un client, si c&rsquo;est un client fid\u00e8le par exemple, et lui envoyer une communication ou une publicit\u00e9 cibl\u00e9e sur son Email. &hellip; <\/p>\n<p class=\"link-more\"><a href=\"https:\/\/ncis.tn\/index.php\/solution-hotspot\/\" class=\"more-link\">Continuer la lecture<span class=\"screen-reader-text\"> de &laquo;&nbsp;Solution Hotspot&nbsp;&raquo;<\/span><\/a><\/p>\n","protected":false},"author":1,"featured_media":0,"parent":0,"menu_order":0,"comment_status":"closed","ping_status":"closed","template":"","meta":{"om_disable_all_campaigns":false,"_monsterinsights_skip_tracking":false,"_monsterinsights_sitenote_active":false,"_monsterinsights_sitenote_note":"","_monsterinsights_sitenote_category":0,"_uf_show_specific_survey":0,"_uf_disable_surveys":false,"footnotes":""},"class_list":["post-103","page","type-page","status-publish","hentry"],"yoast_head":"<!-- This site is optimized with the Yoast SEO plugin v22.4 - https:\/\/yoast.com\/wordpress\/plugins\/seo\/ -->\n<title>Solution Hotspot - NCIS<\/title>\n<meta name=\"robots\" content=\"index, follow, max-snippet:-1, max-image-preview:large, max-video-preview:-1\" \/>\n<link rel=\"canonical\" href=\"https:\/\/ncis.tn\/index.php\/solution-hotspot\/\" \/>\n<meta property=\"og:locale\" content=\"fr_FR\" \/>\n<meta property=\"og:type\" content=\"article\" \/>\n<meta property=\"og:title\" content=\"Solution Hotspot - NCIS\" \/>\n<meta property=\"og:description\" content=\"INTERCEPT &#8211; c&rsquo;est le nom choisi pour notre solution de portail captif ou hotspot destin\u00e9e au secteur h\u00f4telier et aux commerces . Tra\u00e7abilit\u00e9 &amp; communication cibl\u00e9e:\u00a0 en quelques clics, vous pouvez consulter la fiche d&rsquo;un client, si c&rsquo;est un client fid\u00e8le par exemple, et lui envoyer une communication ou une publicit\u00e9 cibl\u00e9e sur son Email. &hellip; Continuer la lecture de &laquo;&nbsp;Solution Hotspot&nbsp;&raquo;\" \/>\n<meta property=\"og:url\" content=\"https:\/\/ncis.tn\/index.php\/solution-hotspot\/\" \/>\n<meta property=\"og:site_name\" content=\"NCIS\" \/>\n<meta property=\"article:publisher\" content=\"https:\/\/www.facebook.com\/Network-and-Computer-Integration-Services-547099998717157\/\" \/>\n<meta property=\"article:modified_time\" content=\"2017-10-30T07:47:30+00:00\" \/>\n<meta name=\"twitter:card\" content=\"summary_large_image\" \/>\n<meta name=\"twitter:label1\" content=\"Dur\u00e9e de lecture estim\u00e9e\" \/>\n\t<meta name=\"twitter:data1\" content=\"1 minute\" \/>\n<script type=\"application\/ld+json\" class=\"yoast-schema-graph\">{\"@context\":\"https:\/\/schema.org\",\"@graph\":[{\"@type\":\"WebPage\",\"@id\":\"https:\/\/ncis.tn\/index.php\/solution-hotspot\/\",\"url\":\"https:\/\/ncis.tn\/index.php\/solution-hotspot\/\",\"name\":\"Solution Hotspot - NCIS\",\"isPartOf\":{\"@id\":\"http:\/\/ncis.tn\/#website\"},\"datePublished\":\"2017-10-24T19:09:34+00:00\",\"dateModified\":\"2017-10-30T07:47:30+00:00\",\"breadcrumb\":{\"@id\":\"https:\/\/ncis.tn\/index.php\/solution-hotspot\/#breadcrumb\"},\"inLanguage\":\"fr-FR\",\"potentialAction\":[{\"@type\":\"ReadAction\",\"target\":[\"https:\/\/ncis.tn\/index.php\/solution-hotspot\/\"]}]},{\"@type\":\"BreadcrumbList\",\"@id\":\"https:\/\/ncis.tn\/index.php\/solution-hotspot\/#breadcrumb\",\"itemListElement\":[{\"@type\":\"ListItem\",\"position\":1,\"name\":\"Accueil\",\"item\":\"http:\/\/ncis.tn\/\"},{\"@type\":\"ListItem\",\"position\":2,\"name\":\"Solution Hotspot\"}]},{\"@type\":\"WebSite\",\"@id\":\"http:\/\/ncis.tn\/#website\",\"url\":\"http:\/\/ncis.tn\/\",\"name\":\"NCIS\",\"description\":\"Think . Build . Connect\",\"publisher\":{\"@id\":\"http:\/\/ncis.tn\/#organization\"},\"potentialAction\":[{\"@type\":\"SearchAction\",\"target\":{\"@type\":\"EntryPoint\",\"urlTemplate\":\"http:\/\/ncis.tn\/?s={search_term_string}\"},\"query-input\":\"required name=search_term_string\"}],\"inLanguage\":\"fr-FR\"},{\"@type\":\"Organization\",\"@id\":\"http:\/\/ncis.tn\/#organization\",\"name\":\"NCIS Tunisie\",\"url\":\"http:\/\/ncis.tn\/\",\"logo\":{\"@type\":\"ImageObject\",\"inLanguage\":\"fr-FR\",\"@id\":\"http:\/\/ncis.tn\/#\/schema\/logo\/image\/\",\"url\":\"http:\/\/ncis.tn\/wp-content\/uploads\/2017\/10\/cropped-logo_2.png\",\"contentUrl\":\"http:\/\/ncis.tn\/wp-content\/uploads\/2017\/10\/cropped-logo_2.png\",\"width\":250,\"height\":250,\"caption\":\"NCIS Tunisie\"},\"image\":{\"@id\":\"http:\/\/ncis.tn\/#\/schema\/logo\/image\/\"},\"sameAs\":[\"https:\/\/www.facebook.com\/Network-and-Computer-Integration-Services-547099998717157\/\",\"https:\/\/www.linkedin.com\/company\/18313703\/\"]}]}<\/script>\n<!-- \/ Yoast SEO plugin. -->","yoast_head_json":{"title":"Solution Hotspot - NCIS","robots":{"index":"index","follow":"follow","max-snippet":"max-snippet:-1","max-image-preview":"max-image-preview:large","max-video-preview":"max-video-preview:-1"},"canonical":"https:\/\/ncis.tn\/index.php\/solution-hotspot\/","og_locale":"fr_FR","og_type":"article","og_title":"Solution Hotspot - NCIS","og_description":"INTERCEPT &#8211; c&rsquo;est le nom choisi pour notre solution de portail captif ou hotspot destin\u00e9e au secteur h\u00f4telier et aux commerces . Tra\u00e7abilit\u00e9 &amp; communication cibl\u00e9e:\u00a0 en quelques clics, vous pouvez consulter la fiche d&rsquo;un client, si c&rsquo;est un client fid\u00e8le par exemple, et lui envoyer une communication ou une publicit\u00e9 cibl\u00e9e sur son Email. &hellip; Continuer la lecture de &laquo;&nbsp;Solution Hotspot&nbsp;&raquo;","og_url":"https:\/\/ncis.tn\/index.php\/solution-hotspot\/","og_site_name":"NCIS","article_publisher":"https:\/\/www.facebook.com\/Network-and-Computer-Integration-Services-547099998717157\/","article_modified_time":"2017-10-30T07:47:30+00:00","twitter_card":"summary_large_image","twitter_misc":{"Dur\u00e9e de lecture estim\u00e9e":"1 minute"},"schema":{"@context":"https:\/\/schema.org","@graph":[{"@type":"WebPage","@id":"https:\/\/ncis.tn\/index.php\/solution-hotspot\/","url":"https:\/\/ncis.tn\/index.php\/solution-hotspot\/","name":"Solution Hotspot - NCIS","isPartOf":{"@id":"http:\/\/ncis.tn\/#website"},"datePublished":"2017-10-24T19:09:34+00:00","dateModified":"2017-10-30T07:47:30+00:00","breadcrumb":{"@id":"https:\/\/ncis.tn\/index.php\/solution-hotspot\/#breadcrumb"},"inLanguage":"fr-FR","potentialAction":[{"@type":"ReadAction","target":["https:\/\/ncis.tn\/index.php\/solution-hotspot\/"]}]},{"@type":"BreadcrumbList","@id":"https:\/\/ncis.tn\/index.php\/solution-hotspot\/#breadcrumb","itemListElement":[{"@type":"ListItem","position":1,"name":"Accueil","item":"http:\/\/ncis.tn\/"},{"@type":"ListItem","position":2,"name":"Solution Hotspot"}]},{"@type":"WebSite","@id":"http:\/\/ncis.tn\/#website","url":"http:\/\/ncis.tn\/","name":"NCIS","description":"Think . Build . Connect","publisher":{"@id":"http:\/\/ncis.tn\/#organization"},"potentialAction":[{"@type":"SearchAction","target":{"@type":"EntryPoint","urlTemplate":"http:\/\/ncis.tn\/?s={search_term_string}"},"query-input":"required name=search_term_string"}],"inLanguage":"fr-FR"},{"@type":"Organization","@id":"http:\/\/ncis.tn\/#organization","name":"NCIS Tunisie","url":"http:\/\/ncis.tn\/","logo":{"@type":"ImageObject","inLanguage":"fr-FR","@id":"http:\/\/ncis.tn\/#\/schema\/logo\/image\/","url":"http:\/\/ncis.tn\/wp-content\/uploads\/2017\/10\/cropped-logo_2.png","contentUrl":"http:\/\/ncis.tn\/wp-content\/uploads\/2017\/10\/cropped-logo_2.png","width":250,"height":250,"caption":"NCIS Tunisie"},"image":{"@id":"http:\/\/ncis.tn\/#\/schema\/logo\/image\/"},"sameAs":["https:\/\/www.facebook.com\/Network-and-Computer-Integration-Services-547099998717157\/","https:\/\/www.linkedin.com\/company\/18313703\/"]}]}},"_links":{"self":[{"href":"https:\/\/ncis.tn\/index.php\/wp-json\/wp\/v2\/pages\/103","targetHints":{"allow":["GET"]}}],"collection":[{"href":"https:\/\/ncis.tn\/index.php\/wp-json\/wp\/v2\/pages"}],"about":[{"href":"https:\/\/ncis.tn\/index.php\/wp-json\/wp\/v2\/types\/page"}],"author":[{"embeddable":true,"href":"https:\/\/ncis.tn\/index.php\/wp-json\/wp\/v2\/users\/1"}],"replies":[{"embeddable":true,"href":"https:\/\/ncis.tn\/index.php\/wp-json\/wp\/v2\/comments?post=103"}],"version-history":[{"count":5,"href":"https:\/\/ncis.tn\/index.php\/wp-json\/wp\/v2\/pages\/103\/revisions"}],"predecessor-version":[{"id":154,"href":"https:\/\/ncis.tn\/index.php\/wp-json\/wp\/v2\/pages\/103\/revisions\/154"}],"wp:attachment":[{"href":"https:\/\/ncis.tn\/index.php\/wp-json\/wp\/v2\/media?parent=103"}],"curies":[{"name":"wp","href":"https:\/\/api.w.org\/{rel}","templated":true}]}}