{"id":101,"date":"2017-10-24T20:09:03","date_gmt":"2017-10-24T19:09:03","guid":{"rendered":"http:\/\/ncis.tn\/?page_id=101"},"modified":"2017-10-30T08:51:12","modified_gmt":"2017-10-30T07:51:12","slug":"solution-voip","status":"publish","type":"page","link":"https:\/\/ncis.tn\/index.php\/solution-voip\/","title":{"rendered":"Solution VOIP"},"content":{"rendered":"<p style=\"text-align: left;\">Avec nos solutions innovantes VOIP ou (t\u00e9l\u00e9phonie sur IP) , vous n&rsquo;allez plus h\u00e9siter \u00e0 contacter un client ou un fournisseur. Avec un syst\u00e8me intelligent de routage des appels vous b\u00e9n\u00e9ficierait toujours d&rsquo;un co\u00fbt minimal et d&rsquo;une flexibilit\u00e9 maximale de vos communications!<\/p>\n<p><em><strong>R\u00e9duisez votre facture t\u00e9l\u00e9phonique :<\/strong><\/em>\u00a0 Augmentez la productivit\u00e9 de votre entreprise\u00a0 et r\u00e9duisez jusqu\u2019\u00e0 50% vos factures t\u00e9l\u00e9phoniques! Avec le routage dynamique et automatique de vos communications . Le syst\u00e8me se charge automatiquement de trouver le lien le moins co\u00fbteux\u00a0 pour vos appels : jusqu\u2019\u00e0 0.25 mil\/min en local et des appels gratuits vers 40 destinations \u00e0 travers le monde, et cela en toute transparence pour l&rsquo;utilisateur.<\/p>\n<p><em><strong>Flexibilit\u00e9<\/strong><\/em>\u00a0: Les nouveaux poste IP tel que le Grandstream GXV3240 , vous permet de synchroniser vos contacts t\u00e9l\u00e9phoniques avec votre t\u00e9l\u00e9phone mobile, de faire office de kit main libre pour votre t\u00e9l\u00e9phone mobile, de passer des appel standard , Skype , Microsoft lync et plus encore, avec le support vid\u00e9o.<\/p>\n<p><a href=\"https:\/\/www.youtube.com\/watch?v=Doq_E3DurOI\">https:\/\/www.youtube.com\/watch?v=Doq_E3DurOI<\/a><\/p>\n<p><em><strong>Libert\u00e9 de mouvement<\/strong><\/em> : Que vous soyez au bureau ou en d\u00e9placement, (programmable pendant les horaires de travail)\u00a0 le syst\u00e8me d\u00e9tecte automatiquement votre pr\u00e9sence pour vous passer l&rsquo;appel sur le poste fixe ou sur votre mobile (gratuitement)<\/p>\n<p><em><strong>Solution Open<\/strong><\/em> : Notre syst\u00e8me est ouvert , utilisant des protocoles standards. De ce fait vous n\u2019\u00eates pas li\u00e9 \u00e0 aucun fabriquant .\u00a0 C&rsquo;est une s\u00e9curit\u00e9 dans le long terme pour vous, et la garantie d&rsquo;une solution p\u00e9renne et \u00e9volutive dans le temps.<\/p>\n<p>Nous recommandons \u00e0 nos clients la gamme <a href=\"http:\/\/www.grandstream.com\/products\/ip-voice-telephony\">Grandstream\u00a0<\/a> . Toutes les r\u00e9f\u00e9rences sont disponibles\u00a0et homologu\u00e9es en Tunisie<\/p>\n","protected":false},"excerpt":{"rendered":"<p>Avec nos solutions innovantes VOIP ou (t\u00e9l\u00e9phonie sur IP) , vous n&rsquo;allez plus h\u00e9siter \u00e0 contacter un client ou un fournisseur. Avec un syst\u00e8me intelligent de routage des appels vous b\u00e9n\u00e9ficierait toujours d&rsquo;un co\u00fbt minimal et d&rsquo;une flexibilit\u00e9 maximale de vos communications! R\u00e9duisez votre facture t\u00e9l\u00e9phonique :\u00a0 Augmentez la productivit\u00e9 de votre entreprise\u00a0 et r\u00e9duisez &hellip; <\/p>\n<p class=\"link-more\"><a href=\"https:\/\/ncis.tn\/index.php\/solution-voip\/\" class=\"more-link\">Continuer la lecture<span class=\"screen-reader-text\"> de &laquo;&nbsp;Solution VOIP&nbsp;&raquo;<\/span><\/a><\/p>\n","protected":false},"author":1,"featured_media":0,"parent":0,"menu_order":0,"comment_status":"closed","ping_status":"closed","template":"","meta":{"om_disable_all_campaigns":false,"_monsterinsights_skip_tracking":false,"_monsterinsights_sitenote_active":false,"_monsterinsights_sitenote_note":"","_monsterinsights_sitenote_category":0,"_uf_show_specific_survey":0,"_uf_disable_surveys":false,"footnotes":""},"class_list":["post-101","page","type-page","status-publish","hentry"],"yoast_head":"<!-- This site is optimized with the Yoast SEO plugin v22.4 - https:\/\/yoast.com\/wordpress\/plugins\/seo\/ -->\n<title>Solution VOIP - NCIS<\/title>\n<meta name=\"robots\" content=\"index, follow, max-snippet:-1, max-image-preview:large, max-video-preview:-1\" \/>\n<link rel=\"canonical\" href=\"https:\/\/ncis.tn\/index.php\/solution-voip\/\" \/>\n<meta property=\"og:locale\" content=\"fr_FR\" \/>\n<meta property=\"og:type\" content=\"article\" \/>\n<meta property=\"og:title\" content=\"Solution VOIP - NCIS\" \/>\n<meta property=\"og:description\" content=\"Avec nos solutions innovantes VOIP ou (t\u00e9l\u00e9phonie sur IP) , vous n&rsquo;allez plus h\u00e9siter \u00e0 contacter un client ou un fournisseur. Avec un syst\u00e8me intelligent de routage des appels vous b\u00e9n\u00e9ficierait toujours d&rsquo;un co\u00fbt minimal et d&rsquo;une flexibilit\u00e9 maximale de vos communications! R\u00e9duisez votre facture t\u00e9l\u00e9phonique :\u00a0 Augmentez la productivit\u00e9 de votre entreprise\u00a0 et r\u00e9duisez &hellip; Continuer la lecture de &laquo;&nbsp;Solution VOIP&nbsp;&raquo;\" \/>\n<meta property=\"og:url\" content=\"https:\/\/ncis.tn\/index.php\/solution-voip\/\" \/>\n<meta property=\"og:site_name\" content=\"NCIS\" \/>\n<meta property=\"article:publisher\" content=\"https:\/\/www.facebook.com\/Network-and-Computer-Integration-Services-547099998717157\/\" \/>\n<meta property=\"article:modified_time\" content=\"2017-10-30T07:51:12+00:00\" \/>\n<meta name=\"twitter:card\" content=\"summary_large_image\" \/>\n<meta name=\"twitter:label1\" content=\"Dur\u00e9e de lecture estim\u00e9e\" \/>\n\t<meta name=\"twitter:data1\" content=\"1 minute\" \/>\n<script type=\"application\/ld+json\" class=\"yoast-schema-graph\">{\"@context\":\"https:\/\/schema.org\",\"@graph\":[{\"@type\":\"WebPage\",\"@id\":\"https:\/\/ncis.tn\/index.php\/solution-voip\/\",\"url\":\"https:\/\/ncis.tn\/index.php\/solution-voip\/\",\"name\":\"Solution VOIP - NCIS\",\"isPartOf\":{\"@id\":\"http:\/\/ncis.tn\/#website\"},\"datePublished\":\"2017-10-24T19:09:03+00:00\",\"dateModified\":\"2017-10-30T07:51:12+00:00\",\"breadcrumb\":{\"@id\":\"https:\/\/ncis.tn\/index.php\/solution-voip\/#breadcrumb\"},\"inLanguage\":\"fr-FR\",\"potentialAction\":[{\"@type\":\"ReadAction\",\"target\":[\"https:\/\/ncis.tn\/index.php\/solution-voip\/\"]}]},{\"@type\":\"BreadcrumbList\",\"@id\":\"https:\/\/ncis.tn\/index.php\/solution-voip\/#breadcrumb\",\"itemListElement\":[{\"@type\":\"ListItem\",\"position\":1,\"name\":\"Accueil\",\"item\":\"http:\/\/ncis.tn\/\"},{\"@type\":\"ListItem\",\"position\":2,\"name\":\"Solution VOIP\"}]},{\"@type\":\"WebSite\",\"@id\":\"http:\/\/ncis.tn\/#website\",\"url\":\"http:\/\/ncis.tn\/\",\"name\":\"NCIS\",\"description\":\"Think . Build . Connect\",\"publisher\":{\"@id\":\"http:\/\/ncis.tn\/#organization\"},\"potentialAction\":[{\"@type\":\"SearchAction\",\"target\":{\"@type\":\"EntryPoint\",\"urlTemplate\":\"http:\/\/ncis.tn\/?s={search_term_string}\"},\"query-input\":\"required name=search_term_string\"}],\"inLanguage\":\"fr-FR\"},{\"@type\":\"Organization\",\"@id\":\"http:\/\/ncis.tn\/#organization\",\"name\":\"NCIS Tunisie\",\"url\":\"http:\/\/ncis.tn\/\",\"logo\":{\"@type\":\"ImageObject\",\"inLanguage\":\"fr-FR\",\"@id\":\"http:\/\/ncis.tn\/#\/schema\/logo\/image\/\",\"url\":\"http:\/\/ncis.tn\/wp-content\/uploads\/2017\/10\/cropped-logo_2.png\",\"contentUrl\":\"http:\/\/ncis.tn\/wp-content\/uploads\/2017\/10\/cropped-logo_2.png\",\"width\":250,\"height\":250,\"caption\":\"NCIS Tunisie\"},\"image\":{\"@id\":\"http:\/\/ncis.tn\/#\/schema\/logo\/image\/\"},\"sameAs\":[\"https:\/\/www.facebook.com\/Network-and-Computer-Integration-Services-547099998717157\/\",\"https:\/\/www.linkedin.com\/company\/18313703\/\"]}]}<\/script>\n<!-- \/ Yoast SEO plugin. -->","yoast_head_json":{"title":"Solution VOIP - NCIS","robots":{"index":"index","follow":"follow","max-snippet":"max-snippet:-1","max-image-preview":"max-image-preview:large","max-video-preview":"max-video-preview:-1"},"canonical":"https:\/\/ncis.tn\/index.php\/solution-voip\/","og_locale":"fr_FR","og_type":"article","og_title":"Solution VOIP - NCIS","og_description":"Avec nos solutions innovantes VOIP ou (t\u00e9l\u00e9phonie sur IP) , vous n&rsquo;allez plus h\u00e9siter \u00e0 contacter un client ou un fournisseur. Avec un syst\u00e8me intelligent de routage des appels vous b\u00e9n\u00e9ficierait toujours d&rsquo;un co\u00fbt minimal et d&rsquo;une flexibilit\u00e9 maximale de vos communications! R\u00e9duisez votre facture t\u00e9l\u00e9phonique :\u00a0 Augmentez la productivit\u00e9 de votre entreprise\u00a0 et r\u00e9duisez &hellip; Continuer la lecture de &laquo;&nbsp;Solution VOIP&nbsp;&raquo;","og_url":"https:\/\/ncis.tn\/index.php\/solution-voip\/","og_site_name":"NCIS","article_publisher":"https:\/\/www.facebook.com\/Network-and-Computer-Integration-Services-547099998717157\/","article_modified_time":"2017-10-30T07:51:12+00:00","twitter_card":"summary_large_image","twitter_misc":{"Dur\u00e9e de lecture estim\u00e9e":"1 minute"},"schema":{"@context":"https:\/\/schema.org","@graph":[{"@type":"WebPage","@id":"https:\/\/ncis.tn\/index.php\/solution-voip\/","url":"https:\/\/ncis.tn\/index.php\/solution-voip\/","name":"Solution VOIP - NCIS","isPartOf":{"@id":"http:\/\/ncis.tn\/#website"},"datePublished":"2017-10-24T19:09:03+00:00","dateModified":"2017-10-30T07:51:12+00:00","breadcrumb":{"@id":"https:\/\/ncis.tn\/index.php\/solution-voip\/#breadcrumb"},"inLanguage":"fr-FR","potentialAction":[{"@type":"ReadAction","target":["https:\/\/ncis.tn\/index.php\/solution-voip\/"]}]},{"@type":"BreadcrumbList","@id":"https:\/\/ncis.tn\/index.php\/solution-voip\/#breadcrumb","itemListElement":[{"@type":"ListItem","position":1,"name":"Accueil","item":"http:\/\/ncis.tn\/"},{"@type":"ListItem","position":2,"name":"Solution VOIP"}]},{"@type":"WebSite","@id":"http:\/\/ncis.tn\/#website","url":"http:\/\/ncis.tn\/","name":"NCIS","description":"Think . Build . Connect","publisher":{"@id":"http:\/\/ncis.tn\/#organization"},"potentialAction":[{"@type":"SearchAction","target":{"@type":"EntryPoint","urlTemplate":"http:\/\/ncis.tn\/?s={search_term_string}"},"query-input":"required name=search_term_string"}],"inLanguage":"fr-FR"},{"@type":"Organization","@id":"http:\/\/ncis.tn\/#organization","name":"NCIS Tunisie","url":"http:\/\/ncis.tn\/","logo":{"@type":"ImageObject","inLanguage":"fr-FR","@id":"http:\/\/ncis.tn\/#\/schema\/logo\/image\/","url":"http:\/\/ncis.tn\/wp-content\/uploads\/2017\/10\/cropped-logo_2.png","contentUrl":"http:\/\/ncis.tn\/wp-content\/uploads\/2017\/10\/cropped-logo_2.png","width":250,"height":250,"caption":"NCIS Tunisie"},"image":{"@id":"http:\/\/ncis.tn\/#\/schema\/logo\/image\/"},"sameAs":["https:\/\/www.facebook.com\/Network-and-Computer-Integration-Services-547099998717157\/","https:\/\/www.linkedin.com\/company\/18313703\/"]}]}},"_links":{"self":[{"href":"https:\/\/ncis.tn\/index.php\/wp-json\/wp\/v2\/pages\/101","targetHints":{"allow":["GET"]}}],"collection":[{"href":"https:\/\/ncis.tn\/index.php\/wp-json\/wp\/v2\/pages"}],"about":[{"href":"https:\/\/ncis.tn\/index.php\/wp-json\/wp\/v2\/types\/page"}],"author":[{"embeddable":true,"href":"https:\/\/ncis.tn\/index.php\/wp-json\/wp\/v2\/users\/1"}],"replies":[{"embeddable":true,"href":"https:\/\/ncis.tn\/index.php\/wp-json\/wp\/v2\/comments?post=101"}],"version-history":[{"count":6,"href":"https:\/\/ncis.tn\/index.php\/wp-json\/wp\/v2\/pages\/101\/revisions"}],"predecessor-version":[{"id":194,"href":"https:\/\/ncis.tn\/index.php\/wp-json\/wp\/v2\/pages\/101\/revisions\/194"}],"wp:attachment":[{"href":"https:\/\/ncis.tn\/index.php\/wp-json\/wp\/v2\/media?parent=101"}],"curies":[{"name":"wp","href":"https:\/\/api.w.org\/{rel}","templated":true}]}}